{"id":1009,"date":"2016-07-15T21:45:39","date_gmt":"2016-07-15T21:45:39","guid":{"rendered":"http:\/\/melt-multilingual-readers-theatre.eu\/?page_id=1009"},"modified":"2023-12-12T20:11:21","modified_gmt":"2023-12-12T20:11:21","slug":"multiplierevent","status":"publish","type":"page","link":"https:\/\/melt-multilingual-readers-theatre.eu\/en\/multiplierevent\/","title":{"rendered":"Multiplier Event"},"content":{"rendered":"<h3>Multiplier-Event in Luxemburg, 26. November 2016<\/h3>\n<h5>Mehrsprachige Lesetheater &#8211; Sprachgrenzen \u00fcberwinden<\/h5>\n<p><a href=\"http:\/\/Http:\/\/www.llj.lu\">L\u00ebnster Lyc\u00e9e<\/a><br \/>\n2, rue Victor Ferrant<br \/>\n6122 Junglinster<br \/>\nLuxemburg<\/p>\n<p><strong>Programm\u00fcbersicht &amp; Workshops<\/strong><\/p>\n<table width=\"652\">\n<tbody>\n<tr>\n<td width=\"76\">Zeit<\/td>\n<td width=\"473\">Inhalt<\/td>\n<td width=\"104\">Personen<\/td>\n<\/tr>\n<tr>\n<td width=\"76\">09.00-10.30<\/td>\n<td width=\"473\">Begr\u00fc\u00dfung<br \/>\nInput: Ausgangslage und Zielsetzung des Forschungs- und Entwicklungsprojekts MELT<br \/>\nPr\u00e4sentation des MELT-Schulungsfilms und des didaktisch-methodischen Kommentars<\/td>\n<td width=\"104\">Ute Massler &amp; Sabine Kutzelmann<\/td>\n<\/tr>\n<tr>\n<td width=\"76\">10.30-11.00<\/td>\n<td width=\"473\"><em>Pause \u2013 \u00dcbergang Workshops<\/em><\/td>\n<td width=\"104\"><\/td>\n<\/tr>\n<tr>\n<td width=\"76\">11.00-12.15<\/td>\n<td width=\"473\"><strong>Workshop-Phase I<\/strong> (Workshops 1-6)<br \/>\ninkl. Vorstellen der Lehr-Lern-Materialien: Mehrsprachige Lesetheaterst\u00fccke<\/td>\n<td width=\"104\">Siehe Workshops<\/td>\n<\/tr>\n<tr>\n<td width=\"76\">12.15-13.15<\/td>\n<td width=\"473\"><em>Mittagspause \/ Kaffee<\/em><\/td>\n<td width=\"104\"><\/td>\n<\/tr>\n<tr>\n<td width=\"76\">13.15-14.15<\/td>\n<td width=\"473\"><strong>Workshop-Phase II <\/strong>(Workshops 1-6)<\/td>\n<td width=\"104\">Siehe Workshops<\/td>\n<\/tr>\n<tr>\n<td width=\"76\">14.15-14.30<\/td>\n<td width=\"473\"><em>Pause<\/em><\/td>\n<td width=\"104\"><\/td>\n<\/tr>\n<tr>\n<td width=\"76\">14.30-15.30<\/td>\n<td width=\"473\"><strong>Workshop-Phase III <\/strong>(Workshops 1-6)<\/td>\n<td width=\"104\">Siehe Workshops<\/td>\n<\/tr>\n<tr>\n<td width=\"76\">15.30-16.15<\/td>\n<td width=\"473\">Abschluss &#8211; Ausblick<\/td>\n<td width=\"104\">Ute Massler &amp; Sabine Kutzelmann<\/td>\n<\/tr>\n<\/tbody>\n<\/table>\n<div class=\"column-group columns-2\">\n<div class=\"column column-number-1 column-span-1\"><h2>Workshop 1: <strong>Mehrsprachiges Vorlesen durch Lehrperson<\/strong><\/h2>\n<p><span style=\"color: #000000;\"><strong>Modellieren des gestaltenden Vorlesens \/ Anleitung von Sch\u00fcler\/innen<\/strong><\/span><br \/>\n<span style=\"text-decoration: underline;\"><strong>Dozentin:<br \/>\n<\/strong><\/span>Annette D\u00e9marais-Stickel ist freischaffende Schauspielerin und Primarlehrerin<br \/>\nEmail: <a class=\"moz-txt-link-rfc2396E\" href=\"mailto:les_embrassadeurs@gmx.ch\">les_embrassadeurs[at]gmx.ch<\/a><\/p>\n<p><span style=\"text-decoration: underline;\"><strong>Beschreibung der in der Werkstatt behandelten Inhalte:<\/strong><br \/>\n<\/span>Die Lehrperson liest am Anfang eine zentrale Passage aus der literarischen Vorlage mehrsprachig vor. Mit ihren k\u00f6rperlichen (z.B. Mimik, Gestik, K\u00f6rperspannung) und stimmlichen Ausdrucksmitteln (z.B. Tempo, Lautst\u00e4rke, Prosodie) stellt sie ein Modell f\u00fcr die Textgestaltung dar. Im Workshop werden anhand von Erfahrungsberichten und Videobeispielen die Gestaltungsm\u00f6glichkeiten beim Vorlesen reflektiert und \u00dcbungen zur praktischen Umsetzung durchgef\u00fchrt. Diese Auseinandersetzung gibt wichtige Impulse, wie Sch\u00fcler\/innen angeleitet werden k\u00f6nnen, ihr Vorlesen zu gestalten.<\/p>\n<p><a href=\"https:\/\/ssl.education.lu\/ifen\/descriptionformation?idFormation=45105\" target=\"_blank\" rel=\"noopener\">F\u00fcr weitere Informationen<\/a><\/p>\n<h2>Workshop 2: <strong>Das Lesen trainieren<\/strong><\/h2>\n<p><strong>\u00dcbungsroutinen zur F\u00f6rderung der Lesefl\u00fcssigkeit<\/strong><\/p>\n<p><span style=\"text-decoration: underline;\"><strong>Dozent:<br \/>\n<\/strong><\/span>Schulrat Dipl. P\u00e4d. Kurt Benedikt, Lesekoordinator Vorarlberg und Lehrperson an der VMS<br \/>\nEmail: <a href=\"mailto:kurt.benedikt@gmx.at\">kurt.benedikt[at]gmx.at<\/a><\/p>\n<p><span style=\"text-decoration: underline;\"><strong>Beschreibung der in der Werkstatt behandelten Inhalte:<\/strong><br \/>\n<\/span>Fehlerfreies und fl\u00fcssiges Lesen sind die Grundvoraussetzung f\u00fcr gutes Lesetheater. Mit Texten auf Deutsch wird gemeinsam erlebt, mit welchen \u00dcbungen und welchen Organisationsformen die Lesefl\u00fcssigkeit aller Kindern einer Klasse verbessert werden k\u00f6nnen. Dazu werden kooperative Lautleseverfahren vorgestellt, Abl\u00e4ufe f\u00fcr ein ritualisiert stattfindendes Tandemlesen in gr\u00f6\u00dferen Gruppen erlebbar gemacht und auch gezeigt, wie mit \u201eSpiegelbildlesen\u201c Sch\u00fclerInnen dazu gebracht werden k\u00f6nnen, Dialoge authentisch und lebendig vorzutragen. Die Einf\u00fchrung kurzer ritualisierter Trainingssequenzen soll ein effektives Training mit den\u00a0 MELT-Skripts erm\u00f6glichen und so die Arbeit der Lehrpersonen entlasten.<\/p>\n<p><a href=\"http:\/\/melt-multilingual-readers-theatre.eu\/multiplierevent\/\" target=\"_blank\" rel=\"noopener\">F\u00fcr weitere Informationen<\/a><\/p>\n<h2>\nWorkshop 3: <strong>Kooperatives Lernen in MELT<\/strong><\/h2>\n<p><span style=\"text-decoration: underline;\"><strong>Dozentin:<br \/>\n<\/strong><\/span>Prof. Sabine Kutzelmann, Hochschuldozentin f\u00fcr Fachdidaktik Deutsch, fr\u00fcher T\u00e4tigkeit an verschiedenen Schulstufen<br \/>\nEmail: <a href=\"mailto:sabine.Kutzelmann@phsg.ch\">sabine.Kutzelmann[at]phsg.ch<\/a><\/p>\n<p><span style=\"text-decoration: underline;\"><strong>Beschreibung der in der Werkstatt behandelten Inhalte:<\/strong><br \/>\n<\/span>Um erfolgreich ein mehrsprachiges Lesetheaterst\u00fcck auff\u00fchren zu k\u00f6nnen, ist die Kooperation unter den Sch\u00fcler\/innen notwendig. Die Lehrperson hat dabei die Aufgabe, Bedingungen zu schaffen, die optimales kooperatives Lernen erm\u00f6glichen.<br \/>\nWas sind die Merkmale kooperativen Lernens und welche Bedeutung haben sie f\u00fcr MELT? Anhand von Erfahrungsberichten und Arbeitsmaterialien aus der MELT-Unterrichtspraxis wird gezeigt, wie die positive Wechselbeziehung unter den Sch\u00fcler\/innen unterst\u00fctzt werden kann.<\/p>\n<p><a href=\"https:\/\/ssl.education.lu\/ifen\/descriptionformation?idFormation=45107\" target=\"_blank\" rel=\"noopener\">F\u00fcr weitere Informationen<\/a><\/p>\n<\/div>\n<div class=\"column column-number-2 last column-span-1\"><h2>Workshop 4: <strong>Dramap\u00e4dagogische \u00dcbungen<\/strong><\/h2>\n<p><span style=\"text-decoration: underline;\"><strong>Dozent:<\/strong><\/span><br \/>\nMag. Dominik Unterthiner, wissenschaftlicher Mitarbeiter PH Vorarlberg, \u00d6sterreich, Lehrperson f\u00fcr die Unterrichtsf\u00e4cher Deutsch und Englisch, Dissertant an der <em>School of Education<\/em> Innsbruck, \u00d6sterreich (Fachbereich: Didaktik der Sprachen), Referent im Bereich Kinder- und Jugendarbeit (Haus der Familie, Lichtenstern, Italien), Schauspieler (Westbahntheater Innsbruck, \u00d6sterreich), Theaterp\u00e4dagoge<br \/>\nEmail: <a href=\"mailto:dominik.unterthiner@ph-vorarlberg.ac.at\">dominik.unterthiner[at]ph-vorarlberg.ac.at<\/a><\/p>\n<p><span style=\"text-decoration: underline;\"><strong>Beschreibung der in der Werkstatt behandelten Inhalte:<\/strong><br \/>\n<\/span>Dramap\u00e4dagogik ist seit den 90er Jahren auf dem Vormarsch in das Klassenzimmer und gerade der handlungsorientierte bzw. lebensnahe Ansatz macht <em>Drama in Education<\/em> (DiE) zu einer kontempor\u00e4ren Unterrichtsweise, da das\u00a0 Lernen mit Kopf, Herz, Hand und Fu\u00df ganzheitlich Lernende anspricht. Im Projekt MELT bieten die dramap\u00e4dagogischen Techniken den Lernenden Unterst\u00fctzung bei der Bew\u00e4ltigung der einzelnen Prozessschritte. Dar\u00fcber hinaus soll die motivierende Wirkung dramap\u00e4dagogischer Methoden zu einem gr\u00f6\u00dferen Lernerfolg bei der Verbesserung der Lesefl\u00fcssigkeit beitragen. Zu deren weiteren Funktionen z\u00e4hlen die St\u00e4rkung kommunikativer und pers\u00f6nlicher Kompetenzen. Die Teilnehmenden probieren theaterp\u00e4dagogische Techniken aus, die zu MELT-Texten Bezug nehmen, und reflektieren dar\u00fcber gemeinsam. Diese Auseinandersetzung gibt Impulse zum Transfer, wie Sch\u00fcler\/innen angeleitet werden k\u00f6nnen.<\/p>\n<p><a href=\"https:\/\/ssl.education.lu\/ifen\/descriptionformation?idFormation=45108\" target=\"_blank\" rel=\"noopener\">F\u00fcr weitere Informationen<\/a><\/p>\n<h2>Workshop 5: <strong>Bedeutung &amp; Messung von Lesefl\u00fcssigkeit<\/strong><\/h2>\n<p><span style=\"text-decoration: underline;\"><strong>Dozentin<\/strong><br \/>\n<\/span>Dr. Kristina G\u00f6tz (PhD, BSc(Hons)), Psychologin und akademische Mitarbeiterin an der PH Weingarten im Fach Englisch und in der P\u00e4dagogischen Psychologie<br \/>\nEmail: <a href=\"mailto:goetz@ph-weingarten.de\">goetz[at]ph-weingarten.de<\/a><\/p>\n<p><span style=\"text-decoration: underline;\"><strong>Beschreibung der in der Werkstatt behandelten Inhalte:<\/strong><br \/>\n<\/span>Es werden die zentralen lesedidaktischen Hintergr\u00fcnde zur Bedeutung der F\u00f6rderdimension \u201eLesefl\u00fcssigkeit\u201c vorgestellt. Was macht fl\u00fcssiges Lesen aus und ist es automatisch gutes, bedeutungsvolles Lesen? Sagt die Lesefl\u00fcssigkeit in einer Sprache etwas dar\u00fcber aus, wie in einer anderen Sprache gelesen wird? Diagnostische Instrumente zur Einsch\u00e4tzung von Lesefl\u00fcssigkeit werden verglichen und erprobt. In praktischen \u00dcbungen werden Audioaufnahmen von Lesefl\u00fcssigkeitstests angeh\u00f6rt und analysiert. Abschlie\u00dfend wird diskutiert und dargelegt, wie und warum MELT auf die Lesefl\u00fcssigkeit der Sch\u00fclerInnen wirkt.<\/p>\n<p><a href=\"https:\/\/ssl.education.lu\/ifen\/descriptionformation?idFormation=45109\" target=\"_blank\" rel=\"noopener\">F\u00fcr weitere Informationen<\/a><\/p>\n<h2>Workshop 6: <strong>Literarisches Lernen mit MELT<\/strong><\/h2>\n<p><span style=\"text-decoration: underline;\"><strong>Dozentinnen:<br \/>\n<\/strong><\/span>Dr. Kerstin Theinert, Dozentin PH Weingarten, Fachdidaktik Englisch, ehemalige Realschullehrerin f\u00fcr Englisch und Franz\u00f6sisch<br \/>\nEmail: <a href=\"mailto:theinert@ph-weingarten.de\">theinert[at]ph-weingarten.de<br \/>\n<\/a><br \/>\nMag. Dr. Angelika Ilg, M.A., Dozentin PH Vorarlberg, Fachbereich Englisch, ehemalige Gymnasiallehrerin f\u00fcr Englisch<br \/>\nEmail: <a href=\"mailto:angelika.ilg@ph-vorarlberg.ac.at\">angelika.ilg[at]ph-vorarlberg.ac.at<\/a><\/p>\n<p><span style=\"text-decoration: underline;\"><strong>Beschreibung der in der Werkstatt behandelten Inhalte:<\/strong><br \/>\n<\/span>Es werden verschiedene Methoden vorgestellt, wie mit den als mehrsprachigen Lesetheatern dramatisierten Texten der Kinder- und Jugendliteratur gearbeitet werden kann. Zentral ist, wie mit Hilfe literarischer Gespr\u00e4che das Verst\u00e4ndnis und die Pers\u00f6nlichkeitsbildung der Sch\u00fcler\/innen gef\u00f6rdert werden k\u00f6nnen. Anhand von Aufgabenbeispielen und Erfahrungsberichten aus der MELT-Unterrichtspraxis werden diese Frage sowie f\u00f6rderliche und hemmende Bedingungen im Workshop gemeinsam diskutiert.<\/p>\n<p><a href=\"https:\/\/ssl.education.lu\/ifen\/descriptionformation?idFormation=45110\" target=\"_blank\" rel=\"noopener\">F\u00fcr weitere Informationen<\/a><\/p>\n<\/div>\n<\/div>\n","protected":false},"excerpt":{"rendered":"<p>Multiplier-Event in Luxemburg, 26. November 2016 Mehrsprachige Lesetheater &#8211; Sprachgrenzen \u00fcberwinden L\u00ebnster Lyc\u00e9e 2, rue Victor Ferrant 6122 Junglinster Luxemburg Programm\u00fcbersicht &amp; Workshops Zeit Inhalt Personen 09.00-10.30 Begr\u00fc\u00dfung Input: Ausgangslage und Zielsetzung des Forschungs- und Entwicklungsprojekts MELT Pr\u00e4sentation des MELT-Schulungsfilms und des didaktisch-methodischen Kommentars Ute Massler &amp; Sabine Kutzelmann 10.30-11.00 Pause \u2013 \u00dcbergang Workshops 11.00-12.15 &hellip; <\/p>\n","protected":false},"author":24,"featured_media":0,"parent":0,"menu_order":0,"comment_status":"open","ping_status":"open","template":"","meta":{"footnotes":""},"translation":{"provider":"WPGlobus","version":"2.12.2","language":"en","enabled_languages":["de","en"],"languages":{"de":{"title":true,"content":true,"excerpt":false},"en":{"title":false,"content":false,"excerpt":false}}},"yoast_head":"<!-- This site is optimized with the Yoast SEO plugin v21.7 - https:\/\/yoast.com\/wordpress\/plugins\/seo\/ -->\n<title>Multiplier Event - MELT<\/title>\n<meta name=\"robots\" content=\"index, follow, max-snippet:-1, max-image-preview:large, max-video-preview:-1\" \/>\n<link rel=\"canonical\" href=\"https:\/\/melt-multilingual-readers-theatre.eu\/multiplierevent\/\" \/>\n<meta property=\"og:locale\" content=\"en_US\" \/>\n<meta property=\"og:type\" content=\"article\" \/>\n<meta property=\"og:title\" content=\"Multiplier Event - MELT\" \/>\n<meta property=\"og:url\" content=\"https:\/\/melt-multilingual-readers-theatre.eu\/multiplierevent\/\" \/>\n<meta property=\"og:site_name\" content=\"MELT\" \/>\n<meta property=\"article:modified_time\" content=\"2023-12-12T20:11:21+00:00\" \/>\n<meta name=\"twitter:card\" content=\"summary_large_image\" \/>\n<meta name=\"twitter:label1\" content=\"Est. reading time\" \/>\n\t<meta name=\"twitter:data1\" content=\"5 minutes\" \/>\n<script type=\"application\/ld+json\" class=\"yoast-schema-graph\">{\"@context\":\"https:\/\/schema.org\",\"@graph\":[{\"@type\":\"WebPage\",\"@id\":\"https:\/\/melt-multilingual-readers-theatre.eu\/multiplierevent\/\",\"url\":\"https:\/\/melt-multilingual-readers-theatre.eu\/multiplierevent\/\",\"name\":\"Multiplier Event - MELT\",\"isPartOf\":{\"@id\":\"https:\/\/melt-multilingual-readers-theatre.eu\/#website\"},\"datePublished\":\"2016-07-15T21:45:39+00:00\",\"dateModified\":\"2023-12-12T20:11:21+00:00\",\"breadcrumb\":{\"@id\":\"https:\/\/melt-multilingual-readers-theatre.eu\/multiplierevent\/#breadcrumb\"},\"inLanguage\":\"en-US\",\"potentialAction\":[{\"@type\":\"ReadAction\",\"target\":[\"https:\/\/melt-multilingual-readers-theatre.eu\/multiplierevent\/\"]}]},{\"@type\":\"BreadcrumbList\",\"@id\":\"https:\/\/melt-multilingual-readers-theatre.eu\/multiplierevent\/#breadcrumb\",\"itemListElement\":[{\"@type\":\"ListItem\",\"position\":1,\"name\":\"Home\",\"item\":\"https:\/\/melt-multilingual-readers-theatre.eu\/\"},{\"@type\":\"ListItem\",\"position\":2,\"name\":\"Multiplier Event\"}]},{\"@type\":\"WebSite\",\"@id\":\"https:\/\/melt-multilingual-readers-theatre.eu\/#website\",\"url\":\"https:\/\/melt-multilingual-readers-theatre.eu\/\",\"name\":\"MELT\",\"description\":\"Mehrsprachiges Lesetheater\",\"potentialAction\":[{\"@type\":\"SearchAction\",\"target\":{\"@type\":\"EntryPoint\",\"urlTemplate\":\"https:\/\/melt-multilingual-readers-theatre.eu\/?s={search_term_string}\"},\"query-input\":\"required name=search_term_string\"}],\"inLanguage\":\"en-US\"}]}<\/script>\n<!-- \/ Yoast SEO plugin. -->","yoast_head_json":{"title":"Multiplier Event - MELT","robots":{"index":"index","follow":"follow","max-snippet":"max-snippet:-1","max-image-preview":"max-image-preview:large","max-video-preview":"max-video-preview:-1"},"canonical":"https:\/\/melt-multilingual-readers-theatre.eu\/multiplierevent\/","og_locale":"en_US","og_type":"article","og_title":"Multiplier Event - MELT","og_url":"https:\/\/melt-multilingual-readers-theatre.eu\/multiplierevent\/","og_site_name":"MELT","article_modified_time":"2023-12-12T20:11:21+00:00","twitter_card":"summary_large_image","twitter_misc":{"Est. reading time":"5 minutes"},"schema":{"@context":"https:\/\/schema.org","@graph":[{"@type":"WebPage","@id":"https:\/\/melt-multilingual-readers-theatre.eu\/multiplierevent\/","url":"https:\/\/melt-multilingual-readers-theatre.eu\/multiplierevent\/","name":"Multiplier Event - MELT","isPartOf":{"@id":"https:\/\/melt-multilingual-readers-theatre.eu\/#website"},"datePublished":"2016-07-15T21:45:39+00:00","dateModified":"2023-12-12T20:11:21+00:00","breadcrumb":{"@id":"https:\/\/melt-multilingual-readers-theatre.eu\/multiplierevent\/#breadcrumb"},"inLanguage":"en-US","potentialAction":[{"@type":"ReadAction","target":["https:\/\/melt-multilingual-readers-theatre.eu\/multiplierevent\/"]}]},{"@type":"BreadcrumbList","@id":"https:\/\/melt-multilingual-readers-theatre.eu\/multiplierevent\/#breadcrumb","itemListElement":[{"@type":"ListItem","position":1,"name":"Home","item":"https:\/\/melt-multilingual-readers-theatre.eu\/"},{"@type":"ListItem","position":2,"name":"Multiplier Event"}]},{"@type":"WebSite","@id":"https:\/\/melt-multilingual-readers-theatre.eu\/#website","url":"https:\/\/melt-multilingual-readers-theatre.eu\/","name":"MELT","description":"Mehrsprachiges Lesetheater","potentialAction":[{"@type":"SearchAction","target":{"@type":"EntryPoint","urlTemplate":"https:\/\/melt-multilingual-readers-theatre.eu\/?s={search_term_string}"},"query-input":"required name=search_term_string"}],"inLanguage":"en-US"}]}},"_links":{"self":[{"href":"https:\/\/melt-multilingual-readers-theatre.eu\/en\/wp-json\/wp\/v2\/pages\/1009"}],"collection":[{"href":"https:\/\/melt-multilingual-readers-theatre.eu\/en\/wp-json\/wp\/v2\/pages"}],"about":[{"href":"https:\/\/melt-multilingual-readers-theatre.eu\/en\/wp-json\/wp\/v2\/types\/page"}],"author":[{"embeddable":true,"href":"https:\/\/melt-multilingual-readers-theatre.eu\/en\/wp-json\/wp\/v2\/users\/24"}],"replies":[{"embeddable":true,"href":"https:\/\/melt-multilingual-readers-theatre.eu\/en\/wp-json\/wp\/v2\/comments?post=1009"}],"version-history":[{"count":83,"href":"https:\/\/melt-multilingual-readers-theatre.eu\/en\/wp-json\/wp\/v2\/pages\/1009\/revisions"}],"predecessor-version":[{"id":2080,"href":"https:\/\/melt-multilingual-readers-theatre.eu\/en\/wp-json\/wp\/v2\/pages\/1009\/revisions\/2080"}],"wp:attachment":[{"href":"https:\/\/melt-multilingual-readers-theatre.eu\/en\/wp-json\/wp\/v2\/media?parent=1009"}],"curies":[{"name":"wp","href":"https:\/\/api.w.org\/{rel}","templated":true}]}}