{"id":1116,"date":"2016-12-05T11:45:55","date_gmt":"2016-12-05T11:45:55","guid":{"rendered":"http:\/\/melt-multilingual-readers-theatre.eu\/?page_id=1116"},"modified":"2023-12-12T20:15:28","modified_gmt":"2023-12-12T20:15:28","slug":"lehrerfortbildung","status":"publish","type":"page","link":"https:\/\/melt-multilingual-readers-theatre.eu\/en\/lehrerfortbildung\/","title":{"rendered":"Lehrerfortbildung"},"content":{"rendered":"<h3><strong>Mehrsprachiges Lesetheater (MELT)<\/strong><\/h3>\n<h6><strong>Internationale Lehrerfortbildung<\/strong><\/h6>\n<p><strong>Sa., 20. Mai 2017<br \/>\nP\u00e4dagogische Hochschule Weingarten<\/strong><br \/>\n<div class=\"column-group columns-2\">\n<div class=\"column column-number-1 column-span-1\"><p><strong>Programm\u00fcbersicht &amp; Workshops<\/strong><br \/>\n<a href=\"http:\/\/melt-multilingual-readers-theatre.eu\/wp-content\/uploads\/2017\/05\/20170505-Programm-Fortbildung-mit-R\u00e4umen.pdf\" target=\"_blank\" rel=\"noopener\">Das Programm mit Raumplanung zum Downlaod<\/a><\/p>\n<table width=\"549\">\n<tbody>\n<tr>\n<td width=\"76\">Zeit<\/td>\n<td width=\"473\">Inhalt<\/td>\n<\/tr>\n<tr>\n<td width=\"76\">09.00-10.30<\/td>\n<td width=\"473\"><strong>Begr\u00fc\u00dfung<\/strong><br \/>\nAusgangslage, Zielsetzung &amp; Konzept des Forschungs- und Entwicklungsprojekts MELT sowie Vorstellung des didaktisch-methodischen Designs &amp; des MELT-Films<\/td>\n<\/tr>\n<tr>\n<td width=\"76\">10.30-11.00<\/td>\n<td width=\"473\"><em>Pause \u2013 \u00dcbergang Workshops<\/em><\/td>\n<\/tr>\n<tr>\n<td width=\"76\">11.00-12.15<\/td>\n<td width=\"473\"><strong>Workshop-Phase I<\/strong> (Workshops 1-7)<br \/>\ninkl. Vorstellen der Lehr-Lern-Materialien: Mehrsprachige Lesetheaterst\u00fccke<\/td>\n<\/tr>\n<tr>\n<td width=\"76\">12.15-13.15<\/td>\n<td width=\"473\"><em>Mittagspause<br \/>\n<\/em><\/td>\n<\/tr>\n<tr>\n<td width=\"76\">13.15-14.15<\/td>\n<td width=\"473\"><strong>Workshop-Phase II <\/strong>(Workshops 1-7)<\/td>\n<\/tr>\n<tr>\n<td width=\"76\">14.15-14.30<\/td>\n<td width=\"473\"><em>Pause<\/em><\/td>\n<\/tr>\n<tr>\n<td width=\"76\">14.30-15.30<\/td>\n<td width=\"473\"><strong>Workshop-Phase III <\/strong>(Workshops 1-7)<\/td>\n<\/tr>\n<tr>\n<td width=\"76\">15.30-16.15<\/td>\n<td width=\"473\">Abschluss &#8211; Ausblick<\/td>\n<\/tr>\n<\/tbody>\n<\/table>\n<\/div>\n<div class=\"column column-number-2 last column-span-1\"><p class=\"category_headline gelbbox2 \" style=\"text-align: center;\">Zum Anmeldungsformular &gt;<\/p>\n<p>Anmeldungformular unter Angabe von drei Workshops bis 20.04.2017 an weickert@ph-weingarten.de<\/p>\n<p><strong>Tagungskosten:<\/strong><br \/>\nStudierende: gratis | Dozierende\/Lehrende: 10 \u20ac<br \/>\nIn den Tagungsgeb\u00fchren enthalten sind umfangreiche Arbeitsmaterialien sowie Kaffee\/Tee\/kalte Getr\u00e4nke\/Snacks in den Pausen<br \/>\nMittagessen zum Selbstkostenpreis erh\u00e4ltlich.<\/p>\n<p><strong>Unterkunft<\/strong><br \/>\n<a href=\"http:\/\/melt-multilingual-readers-theatre.eu\/wp-content\/uploads\/2016\/12\/Liste_Hotels_MELT-Tagung_Mai_2017-1.pdf\">Liste der verf\u00fcgbaren Hotelzimmerkontingenten<\/a><\/p>\n<p><strong>Flyer<\/strong><br \/>\n<a href=\"http:\/\/melt-multilingual-readers-theatre.eu\/wp-content\/uploads\/2017\/03\/Entwurf_Flyer1905_Fortbildung_23122016.pdf\">Download Flyer Lehrerfortbildung<\/a><\/p>\n<\/div>\n<\/div>\n<div class=\"column-group columns-2\">\n<div class=\"column column-number-1 column-span-1\"><h2>Workshop 1: <strong>Mehrsprachiges Vorlesen durch Lehrperson<\/strong><\/h2>\n<p><span style=\"color: #000000;\"><strong>Modellieren des gestaltenden Vorlesens \/ Anleitung von Sch\u00fcler\/innen<\/strong><\/span><\/p>\n<p><span style=\"text-decoration: underline;\"><strong>Dozentin:<br \/>\n<\/strong><\/span>n.n.<\/p>\n<p><span style=\"text-decoration: underline;\"><strong>Beschreibung der in der Werkstatt behandelten Inhalte:<\/strong><br \/>\n<\/span>Die Lehrperson liest am Anfang eine zentrale Passage aus der literarischen Vorlage mehrsprachig vor. Mit ihren k\u00f6rperlichen (z.B. Mimik, Gestik, K\u00f6rperspannung) und stimmlichen Ausdrucksmitteln (z.B. Tempo, Lautst\u00e4rke, Prosodie) stellt sie ein Modell f\u00fcr die Textgestaltung dar. Im Workshop werden anhand von Erfahrungsberichten und Videobeispielen die Gestaltungsm\u00f6glichkeiten beim Vorlesen reflektiert und \u00dcbungen zur praktischen Umsetzung durchgef\u00fchrt. Diese Auseinandersetzung gibt wichtige Impulse, wie Sch\u00fcler\/innen angeleitet werden k\u00f6nnen, ihr Vorlesen zu gestalten.<\/p>\n<h2>Workshop 2: <strong>Das Lesen trainieren<\/strong><\/h2>\n<p><strong>\u00dcbungsroutinen zur F\u00f6rderung der Lesefl\u00fcssigkeit<\/strong><\/p>\n<p><span style=\"text-decoration: underline;\"><strong>Dozent:<br \/>\n<\/strong><\/span>Schulrat Dipl. P\u00e4d. Kurt Benedikt, Lesekoordinator Vorarlberg und Lehrperson an der VMS<br \/>\nEmail: <a href=\"mailto:kurt.benedikt@gmx.at\">kurt.benedikt[at]gmx.at<\/a><\/p>\n<p><span style=\"text-decoration: underline;\"><strong>Beschreibung der in der Werkstatt behandelten Inhalte:<\/strong><br \/>\n<\/span>Fehlerfreies und fl\u00fcssiges Lesen sind die Grundvoraussetzung f\u00fcr gutes Lesetheater. Mit Texten auf Deutsch wird gemeinsam erlebt, mit welchen \u00dcbungen und welchen Organisationsformen die Lesefl\u00fcssigkeit aller Kindern einer Klasse verbessert werden k\u00f6nnen. Dazu werden kooperative Lautleseverfahren vorgestellt, Abl\u00e4ufe f\u00fcr ein ritualisiert stattfindendes Tandemlesen in gr\u00f6\u00dferen Gruppen erlebbar gemacht und auch gezeigt, wie mit \u201eSpiegelbildlesen\u201c Sch\u00fclerInnen dazu gebracht werden k\u00f6nnen, Dialoge authentisch und lebendig vorzutragen. Die Einf\u00fchrung kurzer ritualisierter Trainingssequenzen soll ein effektives Training mit den MELT-Skripts erm\u00f6glichen und so die Arbeit der Lehrpersonen entlasten.<\/p>\n<h2>Workshop 3: <strong>Kooperatives Lernen in MELT<\/strong><\/h2>\n<p><span style=\"text-decoration: underline;\"><strong>Dozentin:<br \/>\n<\/strong><\/span>Prof. Sabine Kutzelmann, Hochschuldozentin f\u00fcr Fachdidaktik Deutsch, fr\u00fcher T\u00e4tigkeit an verschiedenen Schulstufen<br \/>\nEmail: <a href=\"mailto:sabine.Kutzelmann@phsg.ch\">sabine.Kutzelmann[at]phsg.ch<\/a><\/p>\n<p><span style=\"text-decoration: underline;\"><strong>Beschreibung der in der Werkstatt behandelten Inhalte:<\/strong><br \/>\n<\/span>Um erfolgreich ein mehrsprachiges Lesetheaterst\u00fcck auff\u00fchren zu k\u00f6nnen, ist die Kooperation unter den Sch\u00fcler\/innen notwendig. Die Lehrperson hat dabei die Aufgabe, Bedingungen zu schaffen, die optimales kooperatives Lernen erm\u00f6glichen.<br \/>\nWas sind die Merkmale kooperativen Lernens und welche Bedeutung haben sie f\u00fcr MELT? Anhand von Erfahrungsberichten und Arbeitsmaterialien aus der MELT-Unterrichtspraxis wird gezeigt, wie die positive Wechselbeziehung unter den Sch\u00fcler\/innen unterst\u00fctzt werden kann.<\/p>\n<h2>Workshop 4: <strong>Dramap\u00e4dagogische \u00dcbungen<\/strong><\/h2>\n<p><span style=\"text-decoration: underline;\"><strong>Dozent:<\/strong><\/span><br \/>\nMag. Dominik Unterthiner, wissenschaftlicher Mitarbeiter PH Vorarlberg, \u00d6sterreich, Lehrperson f\u00fcr die Unterrichtsf\u00e4cher Deutsch und Englisch, Dissertant an der <em>School of Education<\/em> Innsbruck, \u00d6sterreich (Fachbereich: Didaktik der Sprachen), Referent im Bereich Kinder- und Jugendarbeit (Haus der Familie, Lichtenstern, Italien), Schauspieler (Westbahntheater Innsbruck, \u00d6sterreich), Theaterp\u00e4dagoge<br \/>\nEmail: <a href=\"mailto:dominik.unterthiner@ph-vorarlberg.ac.at\">dominik.unterthiner[at]ph-vorarlberg.ac.at<\/a><\/p>\n<p><span style=\"text-decoration: underline;\"><strong>Beschreibung der in der Werkstatt behandelten Inhalte:<\/strong><br \/>\n<\/span>Dramap\u00e4dagogik ist seit den 90er Jahren auf dem Vormarsch in das Klassenzimmer und gerade der handlungsorientierte bzw. lebensnahe Ansatz macht <em>Drama in Education<\/em> (DiE) zu einer kontempor\u00e4ren Unterrichtsweise, da das Lernen mit Kopf, Herz, Hand und Fu\u00df ganzheitlich Lernende anspricht. Im Projekt MELT bieten die dramap\u00e4dagogischen Techniken den Lernenden Unterst\u00fctzung bei der Bew\u00e4ltigung der einzelnen Prozessschritte. Dar\u00fcber hinaus soll die motivierende Wirkung dramap\u00e4dagogischer Methoden zu einem gr\u00f6\u00dferen Lernerfolg bei der Verbesserung der Lesefl\u00fcssigkeit beitragen. Zu deren weiteren Funktionen z\u00e4hlen die St\u00e4rkung kommunikativer und pers\u00f6nlicher Kompetenzen. Die Teilnehmenden probieren theaterp\u00e4dagogische Techniken aus, die zu MELT-Texten Bezug nehmen, und reflektieren dar\u00fcber gemeinsam. Diese Auseinandersetzung gibt Impulse zum Transfer, wie Sch\u00fcler\/innen angeleitet werden k\u00f6nnen.<\/p>\n<\/div>\n<div class=\"column column-number-2 last column-span-1\"><h2>Workshop 5: <strong>leider entfallend<\/strong><\/h2>\n<h2>Workshop 6: <strong>Literarisches Lernen mit MELT<\/strong><\/h2>\n<p><span style=\"text-decoration: underline;\"><strong>Dozentinnen:<br \/>\n<\/strong><\/span>Dr. Kerstin Theinert, Dozentin PH Weingarten, Fachdidaktik Englisch, ehemalige Realschullehrerin f\u00fcr Englisch und Franz\u00f6sisch<br \/>\nEmail: <a href=\"mailto:theinert@ph-weingarten.de\">theinert[at]ph-weingarten.de<br \/>\n<\/a><br \/>\nMag. Dr. Angelika Ilg, M.A., Dozentin PH Vorarlberg, Fachbereich Englisch, ehemalige Gymnasiallehrerin f\u00fcr Englisch<br \/>\nEmail: <a href=\"mailto:angelika.ilg@ph-vorarlberg.ac.at\">angelika.ilg[at]ph-vorarlberg.ac.at<\/a><\/p>\n<p><span style=\"text-decoration: underline;\"><strong> Beschreibung der in der Werkstatt behandelten Inhalte:<\/strong><br \/>\n<\/span>Es werden verschiedene Methoden vorgestellt, wie mit den als mehrsprachigen Lesetheatern dramatisierten Texten der Kinder- und Jugendliteratur gearbeitet werden kann. Zentral ist, wie mit Hilfe literarischer Gespr\u00e4che das Verst\u00e4ndnis und die Pers\u00f6nlichkeitsbildung der Sch\u00fcler\/innen gef\u00f6rdert werden k\u00f6nnen. Anhand von Aufgabenbeispielen und Erfahrungsberichten aus der MELT-Unterrichtspraxis werden diese Frage sowie f\u00f6rderliche und hemmende Bedingungen im Workshop gemeinsam diskutiert.<\/p>\n<h2>Workshop 7: <strong>Fremdsprachliche Unterst\u00fctzung<\/strong><\/h2>\n<p><span style=\"text-decoration: underline;\"><strong>Dozentinnen:<br \/>\n<\/strong><\/span>Stefanie Arnold, Realschullehrerin f\u00fcr Englisch und Deutsch, MELT-Kooperationslehrerin<br \/>\nEmail: <a href=\"mailto:arnoldstefanie@gmx.de\">arnoldstefanie[at]gmx.de<br \/>\n<\/a><br \/>\nTamara Mai, Studentin f\u00fcr das Lehramt Englisch, Sekundarstufe I, wissenschaftliche Hilfskraft im MELT-Projekt<br \/>\nEmail: <a href=\"mailto:TamaraMai@gmx.de\">TamaraMai[at]gmx.de<\/a><\/p>\n<p>&gt;<span style=\"text-decoration: underline;\"><strong>Beschreibung der in der Werkstatt behandelten Inhalte:<\/strong><\/span><br \/>\nIm Workshop werden Methoden vorgestellt, wie die fremdsprachlichen Voraussetzungen geschaffen werden k\u00f6nnen, die den Sch\u00fcler\/innen ein weitgehend selbst\u00e4ndiges Arbeiten mit den Lesetheaterskripts erm\u00f6glichen. Des Weiteren wird dargelegt, wie die Sch\u00fcler\/innen beim selbstst\u00e4ndigen \u00dcben der korrekten Aussprache der Fremdsprache unterst\u00fctzt und ihre Wahrnehmung der Fehler in der Fremdsprache geschult werden k\u00f6nnen.<\/p>\n<\/div>\n<\/div>\n<div class=\"column column-number-3 column-span-1\"><h5>Informationen zu Anfahrt und Parkm\u00f6glichkeiten<\/h5>\n<p>F\u00fcr gr\u00f6\u00dfere Ansicht klicken.<\/p>\n<p style=\"text-align: right;\"><a href=\"http:\/\/melt-multilingual-readers-theatre.eu\/wp-content\/uploads\/2016\/12\/anfahrtsplan_1920.jpg\"><img decoding=\"async\" class=\" size-medium wp-image-1126 alignleft\" src=\"http:\/\/melt-multilingual-readers-theatre.eu\/wp-content\/uploads\/2016\/12\/anfahrtsplan_1920-300x212.jpg\" alt=\"Anfahrtsplan\" width=\"360\" srcset=\"https:\/\/melt-multilingual-readers-theatre.eu\/wp-content\/uploads\/2016\/12\/anfahrtsplan_1920-300x212.jpg 300w, https:\/\/melt-multilingual-readers-theatre.eu\/wp-content\/uploads\/2016\/12\/anfahrtsplan_1920-1024x724.jpg 1024w, https:\/\/melt-multilingual-readers-theatre.eu\/wp-content\/uploads\/2016\/12\/anfahrtsplan_1920-600x424.jpg 600w, https:\/\/melt-multilingual-readers-theatre.eu\/wp-content\/uploads\/2016\/12\/anfahrtsplan_1920.jpg 1920w\" sizes=\"(max-width: 300px) 100vw, 300px\" \/><\/a><a href=\"http:\/\/melt-multilingual-readers-theatre.eu\/wp-content\/uploads\/2016\/12\/PH_Weingarten_Uebersicht_Parkplaetze2.jpg\"><img decoding=\"async\" class=\" size-medium wp-image-1127 alignright\" src=\"http:\/\/melt-multilingual-readers-theatre.eu\/wp-content\/uploads\/2016\/12\/PH_Weingarten_Uebersicht_Parkplaetze2-300x212.jpg\" alt=\"Parkplan\" width=\"360\" srcset=\"https:\/\/melt-multilingual-readers-theatre.eu\/wp-content\/uploads\/2016\/12\/PH_Weingarten_Uebersicht_Parkplaetze2-300x212.jpg 300w, https:\/\/melt-multilingual-readers-theatre.eu\/wp-content\/uploads\/2016\/12\/PH_Weingarten_Uebersicht_Parkplaetze2-1024x722.jpg 1024w, https:\/\/melt-multilingual-readers-theatre.eu\/wp-content\/uploads\/2016\/12\/PH_Weingarten_Uebersicht_Parkplaetze2-600x423.jpg 600w, https:\/\/melt-multilingual-readers-theatre.eu\/wp-content\/uploads\/2016\/12\/PH_Weingarten_Uebersicht_Parkplaetze2.jpg 1361w\" sizes=\"(max-width: 300px) 100vw, 300px\" \/><\/a><\/p>\n<\/div>\n<div class=\"column-group columns-2\">\n<div class=\"column column-number-1 column-span-1\"><p><strong>Mit dem Auto kommend<\/strong><br \/>\n<strong>aus Richtung Ulm\/Stuttgart kommend<\/strong><br \/>\nSie fahren auf der B 30 Richtung Friedrichshafen. Sie verlassen die Bundesstra\u00dfe B30\/B32 an der Ausfahrt Weingarten. Anschlie\u00dfend fahren Sie rechts Richtung Weingarten. Sie folgen von nun an dem Stra\u00dfenverlauf, bis Sie nach etwa 3,5 km Weingarten erreicht haben. Nach 2 gro\u00dfen Kreuzungen innerhalb von Weingarten kommen Sie nach weiteren 400 m an einen Zebrastreifen und biegen danach rechts in die Einfahrt ein. Dort befindet sich ein Parkplatz f\u00fcr G\u00e4ste der P\u00e4dagogischen Hochschule.<\/p>\n<p><strong>aus Richtung Friedrichshafen kommend<\/strong><br \/>\nSie fahren auf der B 30 Richtung Ravensburg\/Ulm. Verlassen Sie die Bundesstra\u00dfe an der Ausfahrt Weingarten und biegen links Richtung Weingarten ab. Folgen Sie dem Stra\u00dfenvberlauf, bis Sie nach etwa 3,5 km Weingarten erreicht haben. Nach 2 gro\u00dfen Kreuzungen innerhalb von Weingarten kommen Sie nach weiteren 400 m an einen Zebrastreifen und biegen danach rechts in die Einfahrt ein. Dort befindet sich ein Parkplatz f\u00fcr G\u00e4ste der P\u00e4dagogischen Hochschule.<\/p>\n<p><strong>aus Richtung Sigmaringen\/Reutlingen kommend<\/strong><br \/>\nSie fahren auf der B 32 Richtung Weingarten\/Ravensburg. Sie passieren Blitzenreute. Nach etwa 5 km verlassen Sie die B 32, indem Sie nicht nach rechts Richtung Ravensburg, sondern geradeaus Richtung Weingarten fahren. Folgend Sie dem Stra\u00dfenverlauf, bis Sie nach etwa 3,5 km Weingarten erreicht haben. Nach 2 gro\u00dfen Kreuzungen innerhalb von Weingarten kommen Sie nach weiteren 400 m an einen Zebrastreifen und biegen danach rechts in die Einfahrt ein. Dort befindet sich ein Parkplatz f\u00fcr G\u00e4ste der P\u00e4dagogischen Hochschule.<\/p>\n<\/div>\n<div class=\"column column-number-2 last column-span-1\"><p><strong>Mit dem Zug kommend<\/strong><br \/>\nReisen Sie mit dem Zug an, so ist Ihr Zielbahnhof <strong>Ravensburg<\/strong>. Von dort w\u00e4hlen Sie die <strong>Buslinie 1\/2<\/strong> nach Weingarten (Richtung Baindt). Sie steigen an der Haltestelle <strong>Weingarten Post<\/strong> aus und sehen oberhalb die Basilika. Dort befindet sich die P\u00e4dagogische Hochschule.<\/p>\n<\/div>\n<\/div>\n","protected":false},"excerpt":{"rendered":"<p>Mehrsprachiges Lesetheater (MELT) Internationale Lehrerfortbildung Sa., 20. Mai 2017 P\u00e4dagogische Hochschule Weingarten<\/p>\n","protected":false},"author":24,"featured_media":0,"parent":0,"menu_order":0,"comment_status":"open","ping_status":"open","template":"","meta":{"footnotes":""},"translation":{"provider":"WPGlobus","version":"2.12.2","language":"en","enabled_languages":["de","en"],"languages":{"de":{"title":true,"content":true,"excerpt":false},"en":{"title":false,"content":false,"excerpt":false}}},"yoast_head":"<!-- This site is optimized with the Yoast SEO plugin v21.7 - https:\/\/yoast.com\/wordpress\/plugins\/seo\/ -->\n<title>Lehrerfortbildung - MELT<\/title>\n<meta name=\"robots\" content=\"index, follow, max-snippet:-1, max-image-preview:large, max-video-preview:-1\" \/>\n<link rel=\"canonical\" href=\"https:\/\/melt-multilingual-readers-theatre.eu\/lehrerfortbildung\/\" \/>\n<meta property=\"og:locale\" content=\"en_US\" \/>\n<meta property=\"og:type\" content=\"article\" \/>\n<meta property=\"og:title\" content=\"Lehrerfortbildung - MELT\" \/>\n<meta property=\"og:url\" content=\"https:\/\/melt-multilingual-readers-theatre.eu\/lehrerfortbildung\/\" \/>\n<meta property=\"og:site_name\" content=\"MELT\" \/>\n<meta property=\"article:modified_time\" content=\"2023-12-12T20:15:28+00:00\" \/>\n<meta property=\"og:image\" content=\"http:\/\/melt-multilingual-readers-theatre.eu\/wp-content\/uploads\/2016\/12\/anfahrtsplan_1920-300x212.jpg\" \/>\n<meta name=\"twitter:card\" content=\"summary_large_image\" \/>\n<meta name=\"twitter:label1\" content=\"Est. reading time\" \/>\n\t<meta name=\"twitter:data1\" content=\"7 minutes\" \/>\n<script type=\"application\/ld+json\" class=\"yoast-schema-graph\">{\"@context\":\"https:\/\/schema.org\",\"@graph\":[{\"@type\":\"WebPage\",\"@id\":\"https:\/\/melt-multilingual-readers-theatre.eu\/lehrerfortbildung\/\",\"url\":\"https:\/\/melt-multilingual-readers-theatre.eu\/lehrerfortbildung\/\",\"name\":\"Lehrerfortbildung - MELT\",\"isPartOf\":{\"@id\":\"https:\/\/melt-multilingual-readers-theatre.eu\/#website\"},\"datePublished\":\"2016-12-05T11:45:55+00:00\",\"dateModified\":\"2023-12-12T20:15:28+00:00\",\"breadcrumb\":{\"@id\":\"https:\/\/melt-multilingual-readers-theatre.eu\/lehrerfortbildung\/#breadcrumb\"},\"inLanguage\":\"en-US\",\"potentialAction\":[{\"@type\":\"ReadAction\",\"target\":[\"https:\/\/melt-multilingual-readers-theatre.eu\/lehrerfortbildung\/\"]}]},{\"@type\":\"BreadcrumbList\",\"@id\":\"https:\/\/melt-multilingual-readers-theatre.eu\/lehrerfortbildung\/#breadcrumb\",\"itemListElement\":[{\"@type\":\"ListItem\",\"position\":1,\"name\":\"Home\",\"item\":\"https:\/\/melt-multilingual-readers-theatre.eu\/\"},{\"@type\":\"ListItem\",\"position\":2,\"name\":\"Lehrerfortbildung\"}]},{\"@type\":\"WebSite\",\"@id\":\"https:\/\/melt-multilingual-readers-theatre.eu\/#website\",\"url\":\"https:\/\/melt-multilingual-readers-theatre.eu\/\",\"name\":\"MELT\",\"description\":\"Mehrsprachiges Lesetheater\",\"potentialAction\":[{\"@type\":\"SearchAction\",\"target\":{\"@type\":\"EntryPoint\",\"urlTemplate\":\"https:\/\/melt-multilingual-readers-theatre.eu\/?s={search_term_string}\"},\"query-input\":\"required name=search_term_string\"}],\"inLanguage\":\"en-US\"}]}<\/script>\n<!-- \/ Yoast SEO plugin. -->","yoast_head_json":{"title":"Lehrerfortbildung - MELT","robots":{"index":"index","follow":"follow","max-snippet":"max-snippet:-1","max-image-preview":"max-image-preview:large","max-video-preview":"max-video-preview:-1"},"canonical":"https:\/\/melt-multilingual-readers-theatre.eu\/lehrerfortbildung\/","og_locale":"en_US","og_type":"article","og_title":"Lehrerfortbildung - MELT","og_url":"https:\/\/melt-multilingual-readers-theatre.eu\/lehrerfortbildung\/","og_site_name":"MELT","article_modified_time":"2023-12-12T20:15:28+00:00","og_image":[{"url":"http:\/\/melt-multilingual-readers-theatre.eu\/wp-content\/uploads\/2016\/12\/anfahrtsplan_1920-300x212.jpg"}],"twitter_card":"summary_large_image","twitter_misc":{"Est. reading time":"7 minutes"},"schema":{"@context":"https:\/\/schema.org","@graph":[{"@type":"WebPage","@id":"https:\/\/melt-multilingual-readers-theatre.eu\/lehrerfortbildung\/","url":"https:\/\/melt-multilingual-readers-theatre.eu\/lehrerfortbildung\/","name":"Lehrerfortbildung - MELT","isPartOf":{"@id":"https:\/\/melt-multilingual-readers-theatre.eu\/#website"},"datePublished":"2016-12-05T11:45:55+00:00","dateModified":"2023-12-12T20:15:28+00:00","breadcrumb":{"@id":"https:\/\/melt-multilingual-readers-theatre.eu\/lehrerfortbildung\/#breadcrumb"},"inLanguage":"en-US","potentialAction":[{"@type":"ReadAction","target":["https:\/\/melt-multilingual-readers-theatre.eu\/lehrerfortbildung\/"]}]},{"@type":"BreadcrumbList","@id":"https:\/\/melt-multilingual-readers-theatre.eu\/lehrerfortbildung\/#breadcrumb","itemListElement":[{"@type":"ListItem","position":1,"name":"Home","item":"https:\/\/melt-multilingual-readers-theatre.eu\/"},{"@type":"ListItem","position":2,"name":"Lehrerfortbildung"}]},{"@type":"WebSite","@id":"https:\/\/melt-multilingual-readers-theatre.eu\/#website","url":"https:\/\/melt-multilingual-readers-theatre.eu\/","name":"MELT","description":"Mehrsprachiges Lesetheater","potentialAction":[{"@type":"SearchAction","target":{"@type":"EntryPoint","urlTemplate":"https:\/\/melt-multilingual-readers-theatre.eu\/?s={search_term_string}"},"query-input":"required name=search_term_string"}],"inLanguage":"en-US"}]}},"_links":{"self":[{"href":"https:\/\/melt-multilingual-readers-theatre.eu\/en\/wp-json\/wp\/v2\/pages\/1116"}],"collection":[{"href":"https:\/\/melt-multilingual-readers-theatre.eu\/en\/wp-json\/wp\/v2\/pages"}],"about":[{"href":"https:\/\/melt-multilingual-readers-theatre.eu\/en\/wp-json\/wp\/v2\/types\/page"}],"author":[{"embeddable":true,"href":"https:\/\/melt-multilingual-readers-theatre.eu\/en\/wp-json\/wp\/v2\/users\/24"}],"replies":[{"embeddable":true,"href":"https:\/\/melt-multilingual-readers-theatre.eu\/en\/wp-json\/wp\/v2\/comments?post=1116"}],"version-history":[{"count":53,"href":"https:\/\/melt-multilingual-readers-theatre.eu\/en\/wp-json\/wp\/v2\/pages\/1116\/revisions"}],"predecessor-version":[{"id":2082,"href":"https:\/\/melt-multilingual-readers-theatre.eu\/en\/wp-json\/wp\/v2\/pages\/1116\/revisions\/2082"}],"wp:attachment":[{"href":"https:\/\/melt-multilingual-readers-theatre.eu\/en\/wp-json\/wp\/v2\/media?parent=1116"}],"curies":[{"name":"wp","href":"https:\/\/api.w.org\/{rel}","templated":true}]}}