{"id":1162,"date":"2016-12-05T11:45:43","date_gmt":"2016-12-05T11:45:43","guid":{"rendered":"http:\/\/melt-multilingual-readers-theatre.eu\/?page_id=1162"},"modified":"2017-05-15T07:06:35","modified_gmt":"2017-05-15T07:06:35","slug":"fachtagung","status":"publish","type":"page","link":"https:\/\/melt-multilingual-readers-theatre.eu\/en\/fachtagung\/","title":{"rendered":"Fachtagung"},"content":{"rendered":"<h3><strong>Lesef\u00f6rderung im Kontext der Mehrsprachigkeit &#8211; Fach- und Sprachgrenzen \u00fcberwinden<\/strong><\/h3>\n<h6>Internationale Fachtagung<\/h6>\n<p><strong>Fr., 19. Mai 2017 | 10.00 &#8211; 18.00 Uhr<\/strong><\/p>\n<p>P\u00e4dagogische Hochschule Weingarten<br \/>\n<div class=\"column-group columns-2\">\n<div class=\"column column-number-1 column-span-1\"><p><strong>Tagungsleitung- und organisation:<\/strong><br \/>\nProf. Dr. Ute Massler | Dr. Kristina G\u00f6tz |<br \/>\nProf. Sabine Kutzelmann (PH St. Gallen)<\/p>\n<p><strong>Unterkunft<\/strong><br \/>\n<a href=\"http:\/\/melt-multilingual-readers-theatre.eu\/wp-content\/uploads\/2016\/12\/Liste_Hotels_MELT-Tagung_Mai_2017-1.pdf\" target=\"fenster1\">Liste der verf\u00fcgbaren Hotelzimmerkontingenten<\/a><\/p>\n<p><strong>Flyer<\/strong><br \/>\n<a href=\"http:\/\/melt-multilingual-readers-theatre.eu\/wp-content\/uploads\/2017\/04\/Flyer_Fachtagung_20170405.pdf\" target=\"fenster1\">Download Flyer Fachtagung<\/a><\/p>\n<\/div>\n<div class=\"column column-number-2 last column-span-1\"><p>&nbsp;<br \/>\n<a href=\"http:\/\/melt-multilingual-readers-theatre.eu\/wp-content\/uploads\/2016\/12\/Anmeldung-zur-Fachtagung-Lesef\u00f6rderung-im-Kontext-der-Mehrsprachigkeit-1.pdf\" target=\"fenster1\"><\/p>\n<p class=\"category_headline gelbbox2 \" style=\"text-align: center;\">Zum Anmeldungsformular &gt;<\/p>\n<p> <\/a>Anmeldungformular an weickert@ph-weingarten.de<br \/>\nAnmeldefrist wurde bis zum <strong>13.05.2017<\/strong> verl\u00e4ngert!<\/p>\n<p><strong>Tagungskosten:<\/strong><br \/>\nStudierende: gratis | Dozierende\/Lehrende: 30 \u20ac<br \/>\nIn den Tagungsgeb\u00fchren enthalten sind Kaffee, Tee, kalte Getr\u00e4nke sowie Snacks in den Pausen. Mittagessen ist zum Selbstkostenpreis erh\u00e4ltlich.<\/p>\n<\/div>\n<\/div>\n<p>&nbsp;<\/p>\n<h5>Programm\u00fcbersicht 10.00 &#8211; 18.00 Uhr<\/h5>\n<p><a target=\"fenster1\"><br \/>\n<img decoding=\"async\" src=\"http:\/\/melt-multilingual-readers-theatre.eu\/wp-content\/uploads\/2015\/07\/download.png\" alt=\"\" \/> <\/a><a href=\"http:\/\/melt-multilingual-readers-theatre.eu\/wp-content\/uploads\/2017\/05\/20170510-Programm-Fachtagung-mit-R\u00e4umen.pdf\" target=\"fenster1\">Download des Programms mit Raumplanung<\/a><\/p>\n<p><a target=\"fenster1\"><img decoding=\"async\" src=\"http:\/\/melt-multilingual-readers-theatre.eu\/wp-content\/uploads\/2015\/07\/download.png\" alt=\"\" \/> <\/a><a href=\"http:\/\/melt-multilingual-readers-theatre.eu\/wp-content\/uploads\/2017\/05\/alleAbstractsineinemDokument201705121.pdf\" target=\"fenster1\">Download der gesammelten Abstracts aller Vortr\u00e4ge<\/a><\/p>\n<table width=\"549\">\n<tbody>\n<tr>\n<td colspan=\"2\"><strong>Grunds\u00e4tzliche \u00dcberlegungen zur mehrsprachigen Lesef\u00f6rderung aus der Perspektive der schulsprachlichen und der fremdsprachlichen Didaktik<\/strong><\/td>\n<\/tr>\n<tr>\n<td width=\"320\">Mehrsprachige Lesef\u00f6rderung aus der Perspektive der<br \/>\nDeutschdidaktik<a target=\"fenster1\"><br \/>\n<img decoding=\"async\" src=\"http:\/\/melt-multilingual-readers-theatre.eu\/wp-content\/uploads\/2015\/07\/download.png\" alt=\"\" \/> <\/a><a href=\"http:\/\/melt-multilingual-readers-theatre.eu\/wp-content\/uploads\/2017\/01\/01_Rosebrock_mehrsprachigeLesef\u00f6rderungDeutschdidaktik.pdf\" target=\"fenster1\">Abstract<\/a><\/td>\n<td width=\"259\">Cornelia Rosebrock (Goethe Universit\u00e4t Frankfurt am Main)<\/td>\n<\/tr>\n<tr>\n<td width=\"320\">Zum Potenzial mehrsprachiger (Lese-)texte aus der Perspektive<br \/>\nder Fremdsprachendidaktik <a target=\"fenster1\"><br \/>\n<img decoding=\"async\" src=\"http:\/\/melt-multilingual-readers-theatre.eu\/wp-content\/uploads\/2015\/07\/download.png\" alt=\"\" \/> <\/a><a href=\"http:\/\/melt-multilingual-readers-theatre.eu\/wp-content\/uploads\/2017\/05\/02_Elsner_mehrsprachigeLesef\u00f6rderung.pdf\" target=\"fenster1\">Abstract<\/a><\/td>\n<td width=\"259\">Daniela Elsner (Goethe Universit\u00e4t Frankfurt am Main)<\/td>\n<\/tr>\n<\/tbody>\n<\/table>\n<p>&nbsp;<\/p>\n<table width=\"549\">\n<tbody>\n<tr>\n<td colspan=\"2\"><strong>Studien im Kontext der Mehrsprachigkeit und ihre Implikationen f\u00fcr eine mehrsprachige Lesef\u00f6rderung<\/strong><\/td>\n<\/tr>\n<tr>\n<td width=\"320\">Forschungsergebnisse zum englischen und deutschen Lesen bei ein- und mehrsprachigen Kindern in bilingualen Schulen<a target=\"fenster1\"><br \/>\n<img decoding=\"async\" src=\"http:\/\/melt-multilingual-readers-theatre.eu\/wp-content\/uploads\/2015\/07\/download.png\" alt=\"\" \/> <\/a><a href=\"http:\/\/melt-multilingual-readers-theatre.eu\/wp-content\/uploads\/2017\/05\/03_PiskeSteinlen_Forschungsergebnisse.pdf\" target=\"fenster1\">Abstract<\/a><\/td>\n<td width=\"259\">Thorsten Piske \/ Anja Steinlen<br \/>\n(Friedrich-Alexander Universit\u00e4t Erlangen-N\u00fcrnberg)<\/td>\n<\/tr>\n<tr>\n<td width=\"320\">Genderspezifische Entwicklung der Lesekompetenzen mehrsprachiger Kinder: Befunde und sprachendidaktische Konsequenzen<a target=\"fenster1\"><br \/>\n<img decoding=\"async\" src=\"http:\/\/melt-multilingual-readers-theatre.eu\/wp-content\/uploads\/2015\/07\/download.png\" alt=\"\" \/> <\/a><a href=\"http:\/\/melt-multilingual-readers-theatre.eu\/wp-content\/uploads\/2017\/01\/04_B\u00f6ttger_GenderspezifischeEntwicklung.pdf\" target=\"fenster1\">Abstract<\/a><\/td>\n<td width=\"259\">Heiner B\u00f6ttger (Katholische<br \/>\nUniversit\u00e4t Eichst\u00e4tt-Ingolstadt)<\/td>\n<\/tr>\n<tr>\n<td width=\"320\">My Literacies: Schriftlichkeit im Kontext von Multimedialit\u00e4t<br \/>\nund Mehrsprachigkeit aus Sicht von Kindern<a target=\"fenster1\"><br \/>\n<img decoding=\"async\" src=\"http:\/\/melt-multilingual-readers-theatre.eu\/wp-content\/uploads\/2015\/07\/download.png\" alt=\"\" \/> <\/a><a href=\"http:\/\/melt-multilingual-readers-theatre.eu\/wp-content\/uploads\/2017\/01\/05_Kerschhofer_myliteracies.pdf\" target=\"fenster1\">Abstract<\/a><\/td>\n<td width=\"259\">Nadja Kerschhofer-Puhalo<br \/>\n(Universit\u00e4t Wien)<\/td>\n<\/tr>\n<tr>\n<td width=\"320\">Erfassung von Lesekompetenz in einer mehrsprachigen Perspektive: Systemvergleich (Modell 5\/7 vs Modell 3\/5) am Ende der 7. Klasse. Resultate des Forschungsprojekts \u201cSchulischer Mehrsprachenerwerb am \u00dcbergang zwischen Primarstufe und Sekundarstufe I\u201d<a target=\"fenster1\"><br \/>\n<img decoding=\"async\" src=\"http:\/\/melt-multilingual-readers-theatre.eu\/wp-content\/uploads\/2015\/07\/download.png\" alt=\"\" \/> <\/a><a href=\"http:\/\/melt-multilingual-readers-theatre.eu\/wp-content\/uploads\/2017\/01\/06_Manno_SchulischerMehrsprachenerwerb.pdf\" target=\"fenster1\">Abstract<\/a><\/td>\n<td width=\"259\">Giuseppe Manno (Fachhochschule Nordwestschweiz)<\/td>\n<\/tr>\n<tr>\n<td width=\"320\">Teaching strategies of reading comprehension in multilingual settings: An international comparison between Germany, Sweden and Chile<a target=\"fenster1\"><br \/>\n<img decoding=\"async\" src=\"http:\/\/melt-multilingual-readers-theatre.eu\/wp-content\/uploads\/2015\/07\/download.png\" alt=\"\" \/> <\/a><a href=\"http:\/\/melt-multilingual-readers-theatre.eu\/wp-content\/uploads\/2017\/04\/06b_bravo_teachingstrategies.pdf\" target=\"fenster1\">Abstract<\/a><\/td>\n<td width=\"259\">Monica Bravo Granstr\u00f6m (P\u00e4dagogische Hochschule Weingarten)<\/td>\n<\/tr>\n<\/tbody>\n<\/table>\n<p>&nbsp;<\/p>\n<table width=\"549\">\n<tbody>\n<tr>\n<td colspan=\"2\"><strong>Schulentwicklungs- und Forschungsprojekte zur mehrsprachigen Lesef\u00f6rderung<br \/>\n<\/strong><\/td>\n<\/tr>\n<tr>\n<td width=\"320\">Lesen und Mehrschriftigkeit: Schrifterwerb und Lesef\u00f6rderung von Kindern mit arabischer Erstsprache in Frankfurter Alphaklassen<a target=\"fenster1\"><br \/>\n<img decoding=\"async\" src=\"http:\/\/melt-multilingual-readers-theatre.eu\/wp-content\/uploads\/2015\/07\/download.png\" alt=\"\" \/> <\/a><a href=\"http:\/\/melt-multilingual-readers-theatre.eu\/wp-content\/uploads\/2017\/01\/07_MehlemB\u00f6hm_Alfalif_Leseerfahrung.pdf\" target=\"fenster1\">Abstract<\/a><\/td>\n<td width=\"259\">Ulrich Mehlem (Goethe Universit\u00e4t Frankfurt am Main) \/ Manuela B\u00f6hm (Universit\u00e4t Kassel)<\/td>\n<\/tr>\n<tr>\n<td width=\"320\">Melifa: Mehrsprachige literale F\u00f6rderung f\u00fcr die ganze Familie<a target=\"fenster1\"><br \/>\n<img decoding=\"async\" src=\"http:\/\/melt-multilingual-readers-theatre.eu\/wp-content\/uploads\/2015\/07\/download.png\" alt=\"\" \/> <\/a><a href=\"http:\/\/melt-multilingual-readers-theatre.eu\/wp-content\/uploads\/2017\/01\/08_SchnitzerB\u00fcrki_Melifa.pdf\" target=\"fenster1\">Abstract<\/a><\/td>\n<td width=\"259\">Katja Schnitzer \/ Trix B\u00fcrki<br \/>\n(Fachhochschule Nordwestschweiz)<\/td>\n<\/tr>\n<tr>\n<td width=\"320\">MELT: Mehrsprachiges Lesetheater zur F\u00f6rderung der Lesefl\u00fcssigkeit und der Lesemotivation<a target=\"fenster1\"><br \/>\n<img decoding=\"async\" src=\"http:\/\/melt-multilingual-readers-theatre.eu\/wp-content\/uploads\/2015\/07\/download.png\" alt=\"\" \/> <\/a><a href=\"http:\/\/melt-multilingual-readers-theatre.eu\/wp-content\/uploads\/2017\/01\/09_IlgKutzelmannMassler_Melt.pdf\" target=\"fenster1\">Abstract<\/a><\/td>\n<td width=\"259\">Angelika Ilg (PH Vorarlberg) \/ Sabine Kutzelmann (PH St. Gallen) \/ Ute Massler (PH Weingarten)<\/td>\n<\/tr>\n<tr>\n<td width=\"320\">MeVoL: Mehrsprachiges Vorlesen zur F\u00f6rderung von Lesemotivation und Sprachbewusstheit auf der Sekundarstufe I<a target=\"fenster1\"><br \/>\n<img decoding=\"async\" src=\"http:\/\/melt-multilingual-readers-theatre.eu\/wp-content\/uploads\/2015\/07\/download.png\" alt=\"\" \/> <\/a><a href=\"http:\/\/melt-multilingual-readers-theatre.eu\/wp-content\/uploads\/2017\/01\/10_PeterTheinert_MeVol.pdf\" target=\"fenster1\">Abstract<\/a><\/td>\n<td width=\"259\">Klaus Peter (PH Vorarlberg) \/ Kerstin Theinert (PH Weingarten)<\/td>\n<\/tr>\n<tr>\n<td width=\"320\">MElang-E: Mehrsprachiges Computerspiel zur mehrsprachigen<br \/>\nLesef\u00f6rderung in der Sekundarstufe I<a target=\"fenster1\"><br \/>\n<img decoding=\"async\" src=\"http:\/\/melt-multilingual-readers-theatre.eu\/wp-content\/uploads\/2015\/07\/download.png\" alt=\"\" \/> <\/a><a href=\"http:\/\/melt-multilingual-readers-theatre.eu\/wp-content\/uploads\/2017\/01\/11__B\u00fcndgensKosten_Melange.pdf\" target=\"fenster1\">Abstract<\/a><\/td>\n<td width=\"259\">Judith B\u00fcndgens-Kosten (Goethe Universit\u00e4t Frankfurt am Main)<\/td>\n<\/tr>\n<tr>\n<td width=\"320\">F\u00f6rderung sprachlicher, literaler und literarischer Teilfertigkeiten<br \/>\nin Sprachlernklassen<a target=\"fenster1\"><br \/>\n<img decoding=\"async\" src=\"http:\/\/melt-multilingual-readers-theatre.eu\/wp-content\/uploads\/2015\/07\/download.png\" alt=\"\" \/> <\/a><a href=\"http:\/\/melt-multilingual-readers-theatre.eu\/wp-content\/uploads\/2017\/01\/12__Dube_Mesh.pdf\" target=\"fenster1\">Abstract<\/a><\/td>\n<td width=\"259\">Juliane Dube \/ Erkan G\u00fcrsoy (Universit\u00e4t Duisburg-Essen)<\/td>\n<\/tr>\n<\/tbody>\n<\/table>\n<p>&nbsp;<\/p>\n<div class=\"column column-number-3 column-span-1\"><h5>Informationen zu Anfahrt und Parkm\u00f6glichkeiten<\/h5>\n<p>F\u00fcr gr\u00f6\u00dfere Ansicht klicken.<\/p>\n<p style=\"text-align: right;\"><a href=\"http:\/\/melt-multilingual-readers-theatre.eu\/wp-content\/uploads\/2016\/12\/anfahrtsplan_1920.jpg\"><img decoding=\"async\" class=\" size-medium wp-image-1126 alignleft\" src=\"http:\/\/melt-multilingual-readers-theatre.eu\/wp-content\/uploads\/2016\/12\/anfahrtsplan_1920-300x212.jpg\" alt=\"Anfahrtsplan\" width=\"360\" srcset=\"https:\/\/melt-multilingual-readers-theatre.eu\/wp-content\/uploads\/2016\/12\/anfahrtsplan_1920-300x212.jpg 300w, https:\/\/melt-multilingual-readers-theatre.eu\/wp-content\/uploads\/2016\/12\/anfahrtsplan_1920-1024x724.jpg 1024w, https:\/\/melt-multilingual-readers-theatre.eu\/wp-content\/uploads\/2016\/12\/anfahrtsplan_1920-600x424.jpg 600w, https:\/\/melt-multilingual-readers-theatre.eu\/wp-content\/uploads\/2016\/12\/anfahrtsplan_1920.jpg 1920w\" sizes=\"(max-width: 300px) 100vw, 300px\" \/><\/a><a href=\"http:\/\/melt-multilingual-readers-theatre.eu\/wp-content\/uploads\/2016\/12\/PH_Weingarten_Uebersicht_Parkplaetze2.jpg\"><img decoding=\"async\" class=\" size-medium wp-image-1127 alignright\" src=\"http:\/\/melt-multilingual-readers-theatre.eu\/wp-content\/uploads\/2016\/12\/PH_Weingarten_Uebersicht_Parkplaetze2-300x212.jpg\" alt=\"Parkplan\" width=\"360\" srcset=\"https:\/\/melt-multilingual-readers-theatre.eu\/wp-content\/uploads\/2016\/12\/PH_Weingarten_Uebersicht_Parkplaetze2-300x212.jpg 300w, https:\/\/melt-multilingual-readers-theatre.eu\/wp-content\/uploads\/2016\/12\/PH_Weingarten_Uebersicht_Parkplaetze2-1024x722.jpg 1024w, https:\/\/melt-multilingual-readers-theatre.eu\/wp-content\/uploads\/2016\/12\/PH_Weingarten_Uebersicht_Parkplaetze2-600x423.jpg 600w, https:\/\/melt-multilingual-readers-theatre.eu\/wp-content\/uploads\/2016\/12\/PH_Weingarten_Uebersicht_Parkplaetze2.jpg 1361w\" sizes=\"(max-width: 300px) 100vw, 300px\" \/><\/a><\/p>\n<\/div>\n<div class=\"column-group columns-2\">\n<div class=\"column column-number-1 column-span-1\"><p><strong>Mit dem Auto kommend<\/strong><br \/>\n<strong>aus Richtung Ulm\/Stuttgart kommend<\/strong><\/p>\n<p>Sie fahren auf der B 30 Richtung Friedrichshafen. Sie verlassen die Bundesstra\u00dfe B30\/B32 an der Ausfahrt Weingarten. Anschlie\u00dfend fahren Sie rechts Richtung Weingarten. Sie folgen von nun an dem Stra\u00dfenverlauf, bis Sie nach etwa 3,5 km Weingarten erreicht haben. Nach 2 gro\u00dfen Kreuzungen innerhalb von Weingarten kommen Sie nach weiteren 400 m an einen Zebrastreifen und biegen danach rechts in die Einfahrt ein. Dort befindet sich ein Parkplatz f\u00fcr G\u00e4ste der P\u00e4dagogischen Hochschule.<\/p>\n<p><strong>aus Richtung Friedrichshafen kommend<\/strong><\/p>\n<p>Sie fahren auf der B 30 Richtung Ravensburg\/Ulm. Verlassen Sie die Bundesstra\u00dfe an der Ausfahrt Weingarten und biegen links Richtung Weingarten ab. Folgen Sie dem Stra\u00dfenvberlauf, bis Sie nach etwa 3,5 km Weingarten erreicht haben. Nach 2 gro\u00dfen Kreuzungen innerhalb von Weingarten kommen Sie nach weiteren 400 m an einen Zebrastreifen und biegen danach rechts in die Einfahrt ein. Dort befindet sich ein Parkplatz f\u00fcr G\u00e4ste der P\u00e4dagogischen Hochschule.<\/p>\n<p><strong>aus Richtung Sigmaringen\/Reutlingen kommend<\/strong><\/p>\n<p>Sie fahren auf der B 32 Richtung Weingarten\/Ravensburg. Sie passieren Blitzenreute. Nach etwa 5 km verlassen Sie die B 32, indem Sie nicht nach rechts Richtung Ravensburg, sondern geradeaus Richtung Weingarten fahren. Folgend Sie dem Stra\u00dfenverlauf, bis Sie nach etwa 3,5 km Weingarten erreicht haben. Nach 2 gro\u00dfen Kreuzungen innerhalb von Weingarten kommen Sie nach weiteren 400 m an einen Zebrastreifen und biegen danach rechts in die Einfahrt ein. Dort befindet sich ein Parkplatz f\u00fcr G\u00e4ste der P\u00e4dagogischen Hochschule.<\/p>\n<\/div>\n<div class=\"column column-number-2 last column-span-1\"><p><strong>Mit dem Zug kommend<\/strong><\/p>\n<p>Reisen Sie mit dem Zug an, so ist Ihr Zielbahnhof <strong>Ravensburg<\/strong>. Von dort w\u00e4hlen Sie die <strong>Buslinie 1\/2<\/strong> nach Weingarten (Richtung Baindt). Sie steigen an der Haltestelle <strong>Weingarten Post<\/strong> aus und sehen oberhalb die Basilika. Dort befindet sich die P\u00e4dagogische Hochschule.<\/p>\n<\/div>\n<\/div>\n","protected":false},"excerpt":{"rendered":"<p>Lesef\u00f6rderung im Kontext der Mehrsprachigkeit &#8211; Fach- und Sprachgrenzen \u00fcberwinden Internationale Fachtagung Fr., 19. Mai 2017 | 10.00 &#8211; 18.00 Uhr P\u00e4dagogische Hochschule Weingarten &nbsp; Programm\u00fcbersicht 10.00 &#8211; 18.00 Uhr Download des Programms mit Raumplanung Download der gesammelten Abstracts aller Vortr\u00e4ge Grunds\u00e4tzliche \u00dcberlegungen zur mehrsprachigen Lesef\u00f6rderung aus der Perspektive der schulsprachlichen und der fremdsprachlichen Didaktik &hellip; <\/p>\n","protected":false},"author":24,"featured_media":0,"parent":0,"menu_order":0,"comment_status":"open","ping_status":"open","template":"","meta":{"footnotes":""},"translation":{"provider":"WPGlobus","version":"2.12.2","language":"en","enabled_languages":["de","en"],"languages":{"de":{"title":true,"content":true,"excerpt":false},"en":{"title":false,"content":false,"excerpt":false}}},"yoast_head":"<!-- This site is optimized with the Yoast SEO plugin v21.7 - https:\/\/yoast.com\/wordpress\/plugins\/seo\/ -->\n<title>Fachtagung - MELT<\/title>\n<meta name=\"robots\" content=\"index, follow, max-snippet:-1, max-image-preview:large, max-video-preview:-1\" \/>\n<link rel=\"canonical\" href=\"https:\/\/melt-multilingual-readers-theatre.eu\/fachtagung\/\" \/>\n<meta property=\"og:locale\" content=\"en_US\" \/>\n<meta property=\"og:type\" content=\"article\" \/>\n<meta property=\"og:title\" content=\"Fachtagung - MELT\" \/>\n<meta property=\"og:url\" content=\"https:\/\/melt-multilingual-readers-theatre.eu\/fachtagung\/\" \/>\n<meta property=\"og:site_name\" content=\"MELT\" \/>\n<meta property=\"article:modified_time\" content=\"2017-05-15T07:06:35+00:00\" \/>\n<meta property=\"og:image\" content=\"http:\/\/melt-multilingual-readers-theatre.eu\/wp-content\/uploads\/2015\/07\/download.png\" \/>\n<meta name=\"twitter:card\" content=\"summary_large_image\" \/>\n<meta name=\"twitter:label1\" content=\"Est. reading time\" \/>\n\t<meta name=\"twitter:data1\" content=\"4 minutes\" \/>\n<script type=\"application\/ld+json\" class=\"yoast-schema-graph\">{\"@context\":\"https:\/\/schema.org\",\"@graph\":[{\"@type\":\"WebPage\",\"@id\":\"https:\/\/melt-multilingual-readers-theatre.eu\/fachtagung\/\",\"url\":\"https:\/\/melt-multilingual-readers-theatre.eu\/fachtagung\/\",\"name\":\"Fachtagung - MELT\",\"isPartOf\":{\"@id\":\"https:\/\/melt-multilingual-readers-theatre.eu\/#website\"},\"datePublished\":\"2016-12-05T11:45:43+00:00\",\"dateModified\":\"2017-05-15T07:06:35+00:00\",\"description\":\"Fachtagung Melt Mehrsprachiges Lesetheater Lesef\u00f6rderung im Kontext der Mehrsprachigkeit \u2013 Fach- und Sprachgrenzen \u00fcberwinden PH Weingarten\",\"breadcrumb\":{\"@id\":\"https:\/\/melt-multilingual-readers-theatre.eu\/fachtagung\/#breadcrumb\"},\"inLanguage\":\"en-US\",\"potentialAction\":[{\"@type\":\"ReadAction\",\"target\":[\"https:\/\/melt-multilingual-readers-theatre.eu\/fachtagung\/\"]}]},{\"@type\":\"BreadcrumbList\",\"@id\":\"https:\/\/melt-multilingual-readers-theatre.eu\/fachtagung\/#breadcrumb\",\"itemListElement\":[{\"@type\":\"ListItem\",\"position\":1,\"name\":\"Home\",\"item\":\"https:\/\/melt-multilingual-readers-theatre.eu\/\"},{\"@type\":\"ListItem\",\"position\":2,\"name\":\"Fachtagung\"}]},{\"@type\":\"WebSite\",\"@id\":\"https:\/\/melt-multilingual-readers-theatre.eu\/#website\",\"url\":\"https:\/\/melt-multilingual-readers-theatre.eu\/\",\"name\":\"MELT\",\"description\":\"Mehrsprachiges Lesetheater\",\"potentialAction\":[{\"@type\":\"SearchAction\",\"target\":{\"@type\":\"EntryPoint\",\"urlTemplate\":\"https:\/\/melt-multilingual-readers-theatre.eu\/?s={search_term_string}\"},\"query-input\":\"required name=search_term_string\"}],\"inLanguage\":\"en-US\"}]}<\/script>\n<!-- \/ Yoast SEO plugin. -->","yoast_head_json":{"title":"Fachtagung - MELT","robots":{"index":"index","follow":"follow","max-snippet":"max-snippet:-1","max-image-preview":"max-image-preview:large","max-video-preview":"max-video-preview:-1"},"canonical":"https:\/\/melt-multilingual-readers-theatre.eu\/fachtagung\/","og_locale":"en_US","og_type":"article","og_title":"Fachtagung - MELT","og_url":"https:\/\/melt-multilingual-readers-theatre.eu\/fachtagung\/","og_site_name":"MELT","article_modified_time":"2017-05-15T07:06:35+00:00","og_image":[{"url":"http:\/\/melt-multilingual-readers-theatre.eu\/wp-content\/uploads\/2015\/07\/download.png"}],"twitter_card":"summary_large_image","twitter_misc":{"Est. reading time":"4 minutes"},"schema":{"@context":"https:\/\/schema.org","@graph":[{"@type":"WebPage","@id":"https:\/\/melt-multilingual-readers-theatre.eu\/fachtagung\/","url":"https:\/\/melt-multilingual-readers-theatre.eu\/fachtagung\/","name":"Fachtagung - MELT","isPartOf":{"@id":"https:\/\/melt-multilingual-readers-theatre.eu\/#website"},"datePublished":"2016-12-05T11:45:43+00:00","dateModified":"2017-05-15T07:06:35+00:00","description":"Fachtagung Melt Mehrsprachiges Lesetheater Lesef\u00f6rderung im Kontext der Mehrsprachigkeit \u2013 Fach- und Sprachgrenzen \u00fcberwinden PH Weingarten","breadcrumb":{"@id":"https:\/\/melt-multilingual-readers-theatre.eu\/fachtagung\/#breadcrumb"},"inLanguage":"en-US","potentialAction":[{"@type":"ReadAction","target":["https:\/\/melt-multilingual-readers-theatre.eu\/fachtagung\/"]}]},{"@type":"BreadcrumbList","@id":"https:\/\/melt-multilingual-readers-theatre.eu\/fachtagung\/#breadcrumb","itemListElement":[{"@type":"ListItem","position":1,"name":"Home","item":"https:\/\/melt-multilingual-readers-theatre.eu\/"},{"@type":"ListItem","position":2,"name":"Fachtagung"}]},{"@type":"WebSite","@id":"https:\/\/melt-multilingual-readers-theatre.eu\/#website","url":"https:\/\/melt-multilingual-readers-theatre.eu\/","name":"MELT","description":"Mehrsprachiges Lesetheater","potentialAction":[{"@type":"SearchAction","target":{"@type":"EntryPoint","urlTemplate":"https:\/\/melt-multilingual-readers-theatre.eu\/?s={search_term_string}"},"query-input":"required name=search_term_string"}],"inLanguage":"en-US"}]}},"_links":{"self":[{"href":"https:\/\/melt-multilingual-readers-theatre.eu\/en\/wp-json\/wp\/v2\/pages\/1162"}],"collection":[{"href":"https:\/\/melt-multilingual-readers-theatre.eu\/en\/wp-json\/wp\/v2\/pages"}],"about":[{"href":"https:\/\/melt-multilingual-readers-theatre.eu\/en\/wp-json\/wp\/v2\/types\/page"}],"author":[{"embeddable":true,"href":"https:\/\/melt-multilingual-readers-theatre.eu\/en\/wp-json\/wp\/v2\/users\/24"}],"replies":[{"embeddable":true,"href":"https:\/\/melt-multilingual-readers-theatre.eu\/en\/wp-json\/wp\/v2\/comments?post=1162"}],"version-history":[{"count":94,"href":"https:\/\/melt-multilingual-readers-theatre.eu\/en\/wp-json\/wp\/v2\/pages\/1162\/revisions"}],"predecessor-version":[{"id":1342,"href":"https:\/\/melt-multilingual-readers-theatre.eu\/en\/wp-json\/wp\/v2\/pages\/1162\/revisions\/1342"}],"wp:attachment":[{"href":"https:\/\/melt-multilingual-readers-theatre.eu\/en\/wp-json\/wp\/v2\/media?parent=1162"}],"curies":[{"name":"wp","href":"https:\/\/api.w.org\/{rel}","templated":true}]}}