{"id":18,"date":"2014-09-08T15:29:53","date_gmt":"2014-09-08T13:29:53","guid":{"rendered":"http:\/\/projectmevol.wordpress.com\/?page_id=18"},"modified":"2018-08-02T15:11:06","modified_gmt":"2018-08-02T15:11:06","slug":"weiterbildung","status":"publish","type":"page","link":"https:\/\/melt-multilingual-readers-theatre.eu\/en\/weiterbildung\/","title":{"rendered":"Veranstaltungen"},"content":{"rendered":"<div id=\"rahmen\">\n<div class=\"one-half first\">\n<h3><strong>Presentations<\/strong><\/h3>\n<p><strong>UPCOMING PRESENTATIONS<\/strong>\n<\/p>\n<p><!----><br \/>\n<div class=\"su-spacer\" style=\"height:10px\"><\/div>\n<hr>\n<p><strong>PAST PRESENTATIONS<\/strong><\/p>\n<p>\n<span style=\"color: #000000;\"><span style=\"color: #59b139;\"><strong>ADLES (L\u2019Association en didactique des langues \u00e9trang\u00e8res en SuisseKonferenz)<\/strong><\/span><br \/>\nLocation: <strong>Universit\u00e9 Lausanne<\/strong><br \/>\nDate: <strong>06.09.2018<\/strong><br \/>\n<span style=\"color: #808080;\">PlenarvLocationrag: Mehrsprachiges Lesetheater:  Ein sprach- und fach\u00fcbergreifendes Lautleseverfahren zur F\u00f6rderung von Lesefl\u00fcssigkeit\u201c<br \/>\n(Sabine Kutzelmann &#038; Ute Massler)<\/span><\/span>\n<\/p>\n<p><span style=\"color: #000000;\"><span style=\"color: #59b139;\"><strong>TEFL Day W\u00fcrzburg<\/strong><\/span><br \/>\nLocation: <strong>Universit\u00e4t W\u00fcrzburg <\/strong><br \/>\nDate: <strong>14.03.2019<\/strong><br \/>\n<span style=\"color: #808080;\">Workshop: \u201eMehrsprachige Lesetheater: Grundlagen, Konzepte und Materialien f\u00fcr die Sekundarstufe\u201c<br \/>\n(Kerstin Theinert &#038; Angelika Ilg)<\/span><\/span><\/p>\n<p><span style=\"color: #000000;\"><span style=\"color: #59b139;\"><strong>APEPS Tagung<\/strong><\/span><br \/>\nLocation: <strong>P\u00e4dagogische Hochschule Thurgau <\/strong><br \/>\nDate: <strong>17.11.2018<\/strong><br \/>\n<span style=\"color: #808080;\">PlenarvLocationrag: \u201eWir lesen in mehreren Sprachen vor! Mehrsprachiges Lesetheater: Ein sprach- und fach\u00fcbergreifendes Lesef\u00f6rderkonzept<br \/>\n(Sabine Kutzelmann &#038; Ute Massler)<\/span><\/span><\/p>\n<p><span style=\"color: #000000;\"><span style=\"color: #59b139;\"><strong>German in multilingual contexts &#8211; perspectives on native, non-native and heritage German<\/strong><\/span><br \/>\nLocation: <strong>University of Cambridge <\/strong><br \/>\nDate: <strong>02.11.2018<\/strong><br \/>\n<span style=\"color: #808080;\">\u201eTraining von Lesefl\u00fcssigkeit in Schul-, Zweit- und Fremdsprachen mit Hilfe des Mehrsprachigen Lesetheater\u201c<br \/>\n(Eingeladener VLocationrag, Ute Massler)<\/span><\/span><\/p>\n<p><span style=\"color: #000000;\"><span style=\"color: #59b139;\"><strong>Impulstagung der Nationalen Agenturen f\u00fcr Erasmus+ in Deutschland<\/strong><\/span><br \/>\nLocation: <strong>K\u00f6ln<\/strong><br \/>\nDate: <strong>16.01.2018<\/strong><br \/>\n<span style=\"color: #808080;\">PlenarvLocationrag: \u201eLies mit mir\u201c Mehrsprachiges Lesetheater zur F\u00f6rderung der Lesefl\u00fcssigkeit Sprich mit mir! Sprachen.Lernen.Europa.<\/span><\/span><\/p>\n<p><span style=\"color: #000000;\"><strong><span style=\"color: #59b139;\">Tagung des P\u00e4dagogischen Austauschdienstes<\/span><\/strong><br \/>\nLocation: <strong>Bonn<\/strong><br \/>\nDate: <strong>25.10.2017<\/strong><br \/>\n<span style=\"color: #808080;\">\u201eMehrsprachiges Lesetheater&#8221;<\/span><\/span><\/p>\n<p><strong><span style=\"color: #59b139;\">Anglistentag 2017<br \/>\n<\/span><\/strong><span style=\"color: #000000;\">Location:<\/span><strong><span style=\"color: #000000;\"> Regensburg<br \/>\n<\/span><\/strong><span style=\"color: #000000;\">Date:<\/span><strong><span style=\"color: #000000;\"> 20.-23. September 2017<br \/>\n<\/span><\/strong>\u201eMultilingual Readers\u2018 Theater: enhancing reading fluency in a multilingual context\u201c<\/p>\n<p><strong><span style=\"color: #59b139;\">DGFF 2017<br \/>\n<\/span><\/strong><span style=\"color: #000000;\">Location:<\/span><strong><span style=\"color: #000000;\"> Jena<br \/>\n<\/span><\/strong><span style=\"color: #000000;\">Date:<\/span><strong><span style=\"color: #000000;\"> 29.09.2017<br \/>\n<\/span><\/strong>a) \u201eSt\u00e4rkung &#8220;des Gesamtschulsprachencurriculums: Literaturprojekte unter Einbezug von Herkunftssprachen&#8221;<br \/>\nb) \u201eFormen literarischen Lernens im mehrsprachigen Lesetheater (MELT)&#8221;<\/p>\n<p><strong><span style=\"color: #59b139;\">Konferenz des Forums Deutschdidaktik<br \/>\n<\/span><\/strong><span style=\"color: #000000;\">Location:<\/span><strong><span style=\"color: #000000;\"> PH Wallis, Brig<br \/>\n<\/span><\/strong><span style=\"color: #000000;\">Date:<\/span><strong><span style=\"color: #000000;\"> 29. und 30. Juni 2017<br \/>\n<\/span><\/strong><span style=\"color: #808080;\">\u201eMehrsprachiges Lesetheater zur F\u00f6rderung der Lesefl\u00fcssigkeit und Lesemotivation: zur Akzeptanz der mehrsprachigen Lesef\u00f6rdermethode aus Sicht der Schulpraxis\u201c<\/span><strong><span style=\"color: #000000;\"><br \/>\n<\/span><\/strong><\/p>\n<p><strong><span style=\"color: #59b139;\">\u201eMehrsprachigkeit als Chance&#8221;<br \/>\n<\/span><\/strong><span style=\"color: #000000;\">Location:<\/span><strong><span style=\"color: #000000;\"> Kassel<br \/>\n<\/span><\/strong><span style=\"color: #000000;\">Date:<\/span><strong><span style=\"color: #000000;\"> 03.-05. Juli 2017<br \/>\n<\/span><\/strong><span style=\"color: #808080;\">Posterpr\u00e4sentation: \u201eMehrsprachiges Lesetheater zur sprach- und fach\u00fcbergreifenden F\u00f6rderung der Lesefl\u00fcssigkeit (MELT)\u201c<\/span><\/p>\n<p><strong><span style=\"color: #59b139;\">Scenario Forum Konferenz<br \/>\n<\/span><\/strong><span style=\"color: #000000;\">Location:<\/span><strong><span style=\"color: #000000;\"> University College, Cork, Irland<br \/>\n<\/span><\/strong><span style=\"color: #000000;\">Date:<\/span><strong><span style=\"color: #000000;\"> 25.-28. Mai 2017<br \/>\n<\/span><\/strong>&#8220;Mehrsprachiges Lesetheater \u2013 Lesen mithilfe theatraler Techniken f\u00f6rdern&#8221;<\/p>\n<p><strong><span style=\"color: #59b139;\">SLI Multilingualism Conference<br \/>\n<\/span><\/strong><span style=\"color: #000000;\">Location:<\/span><strong><span style=\"color: #000000;\"> Freiburg University<br \/>\n<\/span><\/strong><span style=\"color: #000000;\">Date:<\/span><strong><span style=\"color: #000000;\"> 16.-18. M\u00e4rz 2017<br \/>\n<\/span><\/strong>\u201eTraining von Leseflu\u0308ssigkeit in Schul- und Fremdsprache mit Hilfe von mehrsprachigen Lesetheatern\u201c<\/p>\n<p><strong><span style=\"color: #59b139;\">6. Bremen Symposium: \u201eDer GER \u2013 wie gehen wir mit seinen Lu\u0308cken um?\u201c<br \/>\n<\/span><\/strong><span style=\"color: #000000;\">Location:<\/span><strong><span style=\"color: #000000;\"> Bremen University<br \/>\n<\/span><\/strong><span style=\"color: #000000;\">Date:<\/span><strong><span style=\"color: #000000;\"> 24.-25. Februar 2017<br \/>\n<\/span><\/strong>\u201eUnd wo bleibt die Leseflu\u0308ssigkeit im GER? Mehrsprachiges Lesetheater zur sprachenu\u0308bergreifenden F\u00f6rderung von Lesemotivation und Leseflu\u0308ssigkeit\u201c<\/p>\n<p><strong><span style=\"color: #59b139;\">6. Bundeskongress GMF<br \/>\n<\/span><\/strong>(Gesamtverband Moderne Fremdsprachen)<br \/>\n<span style=\"color: #000000;\">Location:<\/span><strong><span style=\"color: #000000;\"> N\u00fcrnberg<br \/>\n<\/span><\/strong><span style=\"color: #000000;\">Date:<\/span><strong><span style=\"color: #000000;\"> 19. September &#8211; 01. Oktober 2016<br \/>\n<\/span><\/strong>&#8220;Wie Sch\u00fclerinnen und Sch\u00fcler die Lehr-Lern-Prozesse in mehrsprachigen Lesetheatern (MELT) zum Sprachenlernen nutzen&#8221;<\/p>\n<p><strong><span style=\"color: #59b139;\">Tagung \u201eMehrSpracheN\u201c<br \/>\n<\/span><\/strong><span style=\"color: #000000;\">Location:<\/span><strong><span style=\"color: #000000;\"> Ludwig-Maximilians Universit\u00e4t M\u00fcnchen<br \/>\n<\/span><\/strong><span style=\"color: #000000;\">Date:<\/span><strong><span style=\"color: #000000;\"> 18. und 19. Februar 2016<br \/>\n<\/span><\/strong>\u201eMehrsprachiges Lesetheater (MELT) &#8211; wie mehrsprachige Lehr-Lern-Prozesse gestaltet, analysiert und ver\u00e4ndert werden k\u00f6nnen&#8221;<\/p>\n<p><strong><span style=\"color: #59b139;\"><a style=\"color: #59b139;\" href=\"http:\/\/www.uni-kassel.de\/veranstaltung\/index.php?id=37302\" target=\"_blank\" rel=\"noopener\">15. Tagung der Fachgruppe P\u00e4dagogische Psychologie (PAEPS) in der Deutschen Gesellschaft f\u00fcr Psychologie<br \/>\n<\/a><\/span><\/strong><span style=\"color: #000000;\">Location:<\/span><strong> <span style=\"color: #000000;\">Universit\u00e4t Kassel<br \/>\n<\/span><\/strong><span style=\"color: #000000;\">Date:<\/span><span style=\"color: #000000;\"><strong> 14. bis 16. September 2015<\/strong><\/span><\/p>\n<p><strong><span style=\"color: #59b139;\"><a style=\"color: #59b139;\" href=\"#\" target=\"_blank\" rel=\"noopener\">\u201eDrama und Theaterp\u00e4dagogik im Fremdsprachenunterricht\u201c<br \/>\n<\/a><\/span><\/strong><span style=\"color: #000000;\">Location:<\/span><strong><span style=\"color: #000000;\"> Universit\u00e4t Reutlingen, T\u00fcbingen<br \/>\n<\/span><\/strong><span style=\"color: #000000;\">Date:<\/span><strong><span style=\"color: #000000;\"> 9. und 7. Juli 2015<br \/>\n<\/span><\/strong>Mehrsprachiges Lesetheater zur F\u00f6rderung von Lesemotivation und Lesefl\u00fcssigkeit (MELT)<\/p>\n<p><strong><span style=\"color: #59b139;\"><a style=\"color: #59b139;\" href=\"http:\/\/www.leseforum.ch\/myUploadData\/files\/Call_Tagung_fdd_2015.pdf\" target=\"_blank\" rel=\"noopener\">Konferenz des Forums Deutschdidaktik<br \/>\n<\/a><\/span><\/strong><span style=\"color: #000000;\">Location:<\/span><strong><span style=\"color: #000000;\"> PH Graub\u00fcnden, Chur<br \/>\n<\/span><\/strong><span style=\"color: #000000;\">Date:<\/span><strong><span style=\"color: #000000;\"> 25. und 26. Juni 2015<br \/>\n<\/span><\/strong>Mehrsprachiges Lesetheater \u2013 Konzeption des didaktisch-methodischen Designs und erste Erfahrungen aus der Erprobung<\/p>\n<\/div>\n<p><!----><\/p>\n<div class=\"one-half\">\n<h3><strong>Project Events<\/strong><\/h3>\n<p><strong>PAST PROJECT EVENTS<\/strong><\/p>\n<p><strong><span style=\"color: #59b139;\"><span style=\"font-size: 11pt;\"><a href=\"http:\/\/melt-multilingual-readers-theatre.eu\/Lehrerfortbildung\/\">3. Multiplier-Event<br \/>\n<\/a><\/span><\/span><\/strong>Internationale Lehrerfortbildung &#8211; Mehrsprachiges Lesetheater<br \/>\n<span style=\"color: #000000;\">Location:<\/span><strong><span style=\"color: #000000;\"> P\u00e4dagogische Hochschule Weingarten<br \/>\n<\/span><\/strong><span style=\"color: #000000;\">Date:<\/span><strong><span style=\"color: #000000;\"> 20. Mai 2017<br \/>\n<\/span><\/strong><a href=\"http:\/\/melt-multilingual-readers-theatre.eu\/Lehrerfortbildung\/\"><< further information >><\/a><\/p>\n<p><strong><span style=\"color: #59b139;\"><span style=\"font-size: 11pt;\"><a href=\"http:\/\/melt-multilingual-readers-theatre.eu\/fachtagung\/\">2. Multiplier-Event<br \/>\n<\/a><\/span><\/span><\/strong>Internationale Fachtagung &#8211; Lesef\u00f6rderung im Kontext der Mehrsprachigkeit &#8211; Fach- und Sprachgrenzen \u00fcberwinden<br \/>\n<span style=\"color: #000000;\">Location:<\/span><strong><span style=\"color: #000000;\"> P\u00e4dagogische Hochschule Weingarten<br \/>\n<\/span><\/strong><span style=\"color: #000000;\">Date:<\/span><strong><span style=\"color: #000000;\"> 19. Mai 2017<br \/>\n<\/span><\/strong><a href=\"http:\/\/melt-multilingual-readers-theatre.eu\/fachtagung\/\"><< further information >><\/a><\/p>\n<p><strong><span style=\"color: #59b139;\"><a style=\"color: #59b139;\" href=\"http:\/\/melt-multilingual-readers-theatre.eu\/multiplierevent\/\">1. Multiplier-Event<br \/>\n<\/a><\/span><\/strong>Internationale Lehrerfortbildung &#8211; Mehrsprachiges Lesetheater<br \/>\n<span style=\"color: #000000;\">Location:<\/span><strong><span style=\"color: #000000;\"> Luxemburg<br \/>\n<\/span><\/strong><span style=\"color: #000000;\">Date:<\/span><strong><span style=\"color: #000000;\"> 26. November 2016<br \/>\n<\/span><\/strong><a href=\"http:\/\/melt-multilingual-readers-theatre.eu\/multiplierevent\/\"><< further information >><\/a><\/p>\n<\/div>\n<\/div>\n","protected":false},"excerpt":{"rendered":"<p>Presentations UPCOMING PRESENTATIONS PAST PRESENTATIONS ADLES (L\u2019Association en didactique des langues \u00e9trang\u00e8res en SuisseKonferenz) Location: Universit\u00e9 Lausanne Date: 06.09.2018 PlenarvLocationrag: Mehrsprachiges Lesetheater: Ein sprach- und fach\u00fcbergreifendes Lautleseverfahren zur F\u00f6rderung von Lesefl\u00fcssigkeit\u201c (Sabine Kutzelmann &#038; Ute Massler) TEFL Day W\u00fcrzburg Location: Universit\u00e4t W\u00fcrzburg Date: 14.03.2019 Workshop: \u201eMehrsprachige Lesetheater: Grundlagen, Konzepte und Materialien f\u00fcr die Sekundarstufe\u201c (Kerstin &hellip; <\/p>\n","protected":false},"author":1,"featured_media":0,"parent":0,"menu_order":4,"comment_status":"closed","ping_status":"closed","template":"","meta":{"footnotes":""},"translation":{"provider":"WPGlobus","version":"2.12.2","language":"en","enabled_languages":["de","en"],"languages":{"de":{"title":true,"content":true,"excerpt":false},"en":{"title":false,"content":true,"excerpt":false}}},"yoast_head":"<!-- This site is optimized with the Yoast SEO plugin v21.7 - https:\/\/yoast.com\/wordpress\/plugins\/seo\/ -->\n<title>Veranstaltungen - MELT<\/title>\n<meta name=\"robots\" content=\"index, follow, max-snippet:-1, max-image-preview:large, max-video-preview:-1\" \/>\n<link rel=\"canonical\" href=\"https:\/\/melt-multilingual-readers-theatre.eu\/weiterbildung\/\" \/>\n<meta property=\"og:locale\" content=\"en_US\" \/>\n<meta property=\"og:type\" content=\"article\" \/>\n<meta property=\"og:title\" content=\"Veranstaltungen - MELT\" \/>\n<meta property=\"og:url\" content=\"https:\/\/melt-multilingual-readers-theatre.eu\/weiterbildung\/\" \/>\n<meta property=\"og:site_name\" content=\"MELT\" \/>\n<meta property=\"article:modified_time\" content=\"2018-08-02T15:11:06+00:00\" \/>\n<meta name=\"twitter:card\" content=\"summary_large_image\" \/>\n<meta name=\"twitter:label1\" content=\"Est. reading time\" \/>\n\t<meta name=\"twitter:data1\" content=\"5 minutes\" \/>\n<script type=\"application\/ld+json\" class=\"yoast-schema-graph\">{\"@context\":\"https:\/\/schema.org\",\"@graph\":[{\"@type\":\"WebPage\",\"@id\":\"https:\/\/melt-multilingual-readers-theatre.eu\/weiterbildung\/\",\"url\":\"https:\/\/melt-multilingual-readers-theatre.eu\/weiterbildung\/\",\"name\":\"Veranstaltungen - MELT\",\"isPartOf\":{\"@id\":\"https:\/\/melt-multilingual-readers-theatre.eu\/#website\"},\"datePublished\":\"2014-09-08T13:29:53+00:00\",\"dateModified\":\"2018-08-02T15:11:06+00:00\",\"breadcrumb\":{\"@id\":\"https:\/\/melt-multilingual-readers-theatre.eu\/weiterbildung\/#breadcrumb\"},\"inLanguage\":\"en-US\",\"potentialAction\":[{\"@type\":\"ReadAction\",\"target\":[\"https:\/\/melt-multilingual-readers-theatre.eu\/weiterbildung\/\"]}]},{\"@type\":\"BreadcrumbList\",\"@id\":\"https:\/\/melt-multilingual-readers-theatre.eu\/weiterbildung\/#breadcrumb\",\"itemListElement\":[{\"@type\":\"ListItem\",\"position\":1,\"name\":\"Home\",\"item\":\"https:\/\/melt-multilingual-readers-theatre.eu\/\"},{\"@type\":\"ListItem\",\"position\":2,\"name\":\"Veranstaltungen\"}]},{\"@type\":\"WebSite\",\"@id\":\"https:\/\/melt-multilingual-readers-theatre.eu\/#website\",\"url\":\"https:\/\/melt-multilingual-readers-theatre.eu\/\",\"name\":\"MELT\",\"description\":\"Mehrsprachiges Lesetheater\",\"potentialAction\":[{\"@type\":\"SearchAction\",\"target\":{\"@type\":\"EntryPoint\",\"urlTemplate\":\"https:\/\/melt-multilingual-readers-theatre.eu\/?s={search_term_string}\"},\"query-input\":\"required name=search_term_string\"}],\"inLanguage\":\"en-US\"}]}<\/script>\n<!-- \/ Yoast SEO plugin. -->","yoast_head_json":{"title":"Veranstaltungen - MELT","robots":{"index":"index","follow":"follow","max-snippet":"max-snippet:-1","max-image-preview":"max-image-preview:large","max-video-preview":"max-video-preview:-1"},"canonical":"https:\/\/melt-multilingual-readers-theatre.eu\/weiterbildung\/","og_locale":"en_US","og_type":"article","og_title":"Veranstaltungen - MELT","og_url":"https:\/\/melt-multilingual-readers-theatre.eu\/weiterbildung\/","og_site_name":"MELT","article_modified_time":"2018-08-02T15:11:06+00:00","twitter_card":"summary_large_image","twitter_misc":{"Est. reading time":"5 minutes"},"schema":{"@context":"https:\/\/schema.org","@graph":[{"@type":"WebPage","@id":"https:\/\/melt-multilingual-readers-theatre.eu\/weiterbildung\/","url":"https:\/\/melt-multilingual-readers-theatre.eu\/weiterbildung\/","name":"Veranstaltungen - MELT","isPartOf":{"@id":"https:\/\/melt-multilingual-readers-theatre.eu\/#website"},"datePublished":"2014-09-08T13:29:53+00:00","dateModified":"2018-08-02T15:11:06+00:00","breadcrumb":{"@id":"https:\/\/melt-multilingual-readers-theatre.eu\/weiterbildung\/#breadcrumb"},"inLanguage":"en-US","potentialAction":[{"@type":"ReadAction","target":["https:\/\/melt-multilingual-readers-theatre.eu\/weiterbildung\/"]}]},{"@type":"BreadcrumbList","@id":"https:\/\/melt-multilingual-readers-theatre.eu\/weiterbildung\/#breadcrumb","itemListElement":[{"@type":"ListItem","position":1,"name":"Home","item":"https:\/\/melt-multilingual-readers-theatre.eu\/"},{"@type":"ListItem","position":2,"name":"Veranstaltungen"}]},{"@type":"WebSite","@id":"https:\/\/melt-multilingual-readers-theatre.eu\/#website","url":"https:\/\/melt-multilingual-readers-theatre.eu\/","name":"MELT","description":"Mehrsprachiges Lesetheater","potentialAction":[{"@type":"SearchAction","target":{"@type":"EntryPoint","urlTemplate":"https:\/\/melt-multilingual-readers-theatre.eu\/?s={search_term_string}"},"query-input":"required name=search_term_string"}],"inLanguage":"en-US"}]}},"_links":{"self":[{"href":"https:\/\/melt-multilingual-readers-theatre.eu\/en\/wp-json\/wp\/v2\/pages\/18"}],"collection":[{"href":"https:\/\/melt-multilingual-readers-theatre.eu\/en\/wp-json\/wp\/v2\/pages"}],"about":[{"href":"https:\/\/melt-multilingual-readers-theatre.eu\/en\/wp-json\/wp\/v2\/types\/page"}],"author":[{"embeddable":true,"href":"https:\/\/melt-multilingual-readers-theatre.eu\/en\/wp-json\/wp\/v2\/users\/1"}],"replies":[{"embeddable":true,"href":"https:\/\/melt-multilingual-readers-theatre.eu\/en\/wp-json\/wp\/v2\/comments?post=18"}],"version-history":[{"count":58,"href":"https:\/\/melt-multilingual-readers-theatre.eu\/en\/wp-json\/wp\/v2\/pages\/18\/revisions"}],"predecessor-version":[{"id":156,"href":"https:\/\/melt-multilingual-readers-theatre.eu\/en\/wp-json\/wp\/v2\/pages\/18\/revisions\/156"}],"wp:attachment":[{"href":"https:\/\/melt-multilingual-readers-theatre.eu\/en\/wp-json\/wp\/v2\/media?parent=18"}],"curies":[{"name":"wp","href":"https:\/\/api.w.org\/{rel}","templated":true}]}}