{"id":1805,"date":"2017-12-03T11:05:40","date_gmt":"2017-12-03T11:05:40","guid":{"rendered":"http:\/\/melt-multilingual-readers-theatre.eu\/?page_id=1805"},"modified":"2023-12-12T19:49:51","modified_gmt":"2023-12-12T19:49:51","slug":"module","status":"publish","type":"page","link":"https:\/\/melt-multilingual-readers-theatre.eu\/en\/module\/","title":{"rendered":"Module"},"content":{"rendered":"<h3>MELT-Module f\u00fcr die Lehrerfortbildung<\/h3>\n<p class=\"blocksatz\" style=\"text-align: justify;\">Die Fortbildungsmaterialien f\u00fchren Interessierte in grundlegende theoretische Kenntnisse und Fertigkeiten ein, derer es f\u00fcr die unterrichtliche Umsetzung von MELT bedarf. Die Materialien eignen sich f\u00fcr Lehrpersonen und Studierende des Fachs Deutsch und der Fremdsprachenf\u00e4cher (insbesondere Englisch und Franz\u00f6sisch, aber auch anderer Fremdsprachen) der Primar- und der Sekundarstufe sowie f\u00fcr Personen in der Lehreraus- und -fortbildung an Schulen, Hochschulen und Seminaren. Die zum Download zur Verf\u00fcgung stehenden Module wurden f\u00fcr Lehrerfortbildungen entwickelt, erprobt und \u00fcberarbeitet.<\/p>\n<div class=\"su-spacer\" style=\"height:20px\"><\/div>\n<div class=\"column-group columns-2\">\n<div class=\"column column-number-1 column-span-1\"><h2>Lesefl\u00fcssigkeit<\/h2>\n<p><a target=\"fenster1\" rel=\"noopener noreferrer\"><img decoding=\"async\" src=\"https:\/\/melt-multilingual-readers-theatre.eu\/wp-content\/uploads\/2015\/07\/download.png\" alt=\"\" \/> <\/a><a href=\"https:\/\/melt-multilingual-readers-theatre.eu\/wp-content\/uploads\/2017\/12\/MELT-Fortbildungsmodul-Lesefl\u00fcssigkeit-Handreichung.pdf\" target=\"fenster1\" rel=\"noopener noreferrer\">Handreichung Lesefl\u00fcssigkeit<\/a><a target=\"fenster1\" rel=\"noopener noreferrer\"><br \/>\n<img decoding=\"async\" src=\"https:\/\/melt-multilingual-readers-theatre.eu\/wp-content\/uploads\/2015\/07\/download.png\" alt=\"\" \/> <\/a><a href=\"https:\/\/melt-multilingual-readers-theatre.eu\/wp-content\/uploads\/2017\/12\/MELT-Fortbildungsmodul-Lesefl\u00fcssigkeit-Vortrag.pdf\" target=\"fenster1\" rel=\"noopener noreferrer\">Vortrag Lesefl\u00fcssigkeit<\/a><\/p>\n<h2>Kooperatives Lernen<\/h2>\n<p><a target=\"fenster1\" rel=\"noopener noreferrer\"><img decoding=\"async\" src=\"https:\/\/melt-multilingual-readers-theatre.eu\/wp-content\/uploads\/2015\/07\/download.png\" alt=\"\" \/> <\/a><a href=\"https:\/\/melt-multilingual-readers-theatre.eu\/wp-content\/uploads\/2017\/12\/MELT_Fortbildungsmodul-Kooperatives_Lernen-Handreichung.pdf\" target=\"fenster1\" rel=\"noopener noreferrer\">Handreichung Kooperatives Lernen<\/a><a target=\"fenster1\" rel=\"noopener noreferrer\"><br \/>\n<img decoding=\"async\" src=\"https:\/\/melt-multilingual-readers-theatre.eu\/wp-content\/uploads\/2015\/07\/download.png\" alt=\"\" \/> <\/a><a href=\"https:\/\/melt-multilingual-readers-theatre.eu\/wp-content\/uploads\/2017\/12\/MELT-Fortbildungsmodul-Kooperatives-Lernen-Vortrag.pdf\" target=\"fenster1\" rel=\"noopener noreferrer\">Vortrag Kooperatives Lernen<\/a><\/p>\n<h2>Lautleseverfahren<\/h2>\n<p><a target=\"fenster1\" rel=\"noopener noreferrer\"><img decoding=\"async\" src=\"https:\/\/melt-multilingual-readers-theatre.eu\/wp-content\/uploads\/2015\/07\/download.png\" alt=\"\" \/> <\/a><a href=\"https:\/\/melt-multilingual-readers-theatre.eu\/wp-content\/uploads\/2017\/12\/MELT-Fortbildungsmodul_Lautleseverfahren-Handreichung.pdf\" target=\"fenster1\" rel=\"noopener noreferrer\">Handreichung Lautleseverfahren<\/a><a target=\"fenster1\" rel=\"noopener noreferrer\"><br \/>\n<img decoding=\"async\" src=\"https:\/\/melt-multilingual-readers-theatre.eu\/wp-content\/uploads\/2015\/07\/download.png\" alt=\"\" \/> <\/a><a href=\"https:\/\/melt-multilingual-readers-theatre.eu\/wp-content\/uploads\/2017\/12\/MELT-Fortbildungsmodul-Lautleseverfahren-Vortrag.pdf\" target=\"fenster1\" rel=\"noopener noreferrer\">Vortrag Lautleseverfahren<\/a><\/p>\n<\/div>\n<div class=\"column column-number-2 last column-span-1\"><h2>Anschlusskommunikation<\/h2>\n<p><a target=\"fenster1\" rel=\"noopener noreferrer\"><img decoding=\"async\" src=\"https:\/\/melt-multilingual-readers-theatre.eu\/wp-content\/uploads\/2015\/07\/download.png\" alt=\"\" \/> <\/a><a href=\"https:\/\/melt-multilingual-readers-theatre.eu\/wp-content\/uploads\/2017\/12\/MELT-Fortbildungsmodul-Anschlusskommunikation_dramap\u00e4dagogische_uebungen-Handreichung.pdf\" target=\"fenster1\" rel=\"noopener noreferrer\">Handreichung Anschlusskommunikation<\/a><a target=\"fenster1\" rel=\"noopener noreferrer\"><br \/>\n<img decoding=\"async\" src=\"https:\/\/melt-multilingual-readers-theatre.eu\/wp-content\/uploads\/2015\/07\/download.png\" alt=\"\" \/> <\/a><a href=\"https:\/\/melt-multilingual-readers-theatre.eu\/wp-content\/uploads\/2017\/12\/MELT-Fortbildungsmodul_Anschlusskomm_dramap\u00e4dagogische-Uebungen-Vortrag.pdf\" target=\"fenster1\" rel=\"noopener noreferrer\">Vortrag Anschlusskommunikation<\/a><\/p>\n<h2>Mehrsprachigkeit<\/h2>\n<p><a target=\"fenster1\" rel=\"noopener noreferrer\"><img decoding=\"async\" src=\"https:\/\/melt-multilingual-readers-theatre.eu\/wp-content\/uploads\/2015\/07\/download.png\" alt=\"\" \/> <\/a><a href=\"https:\/\/melt-multilingual-readers-theatre.eu\/wp-content\/uploads\/2017\/12\/MELT-Fortbildungsmodul_Mehrsprachigkeit_Handreichung.pdf\" target=\"fenster1\" rel=\"noopener noreferrer\">Handreichung Mehrsprachigkeit<\/a><a target=\"fenster1\" rel=\"noopener noreferrer\"><br \/>\n<img decoding=\"async\" src=\"https:\/\/melt-multilingual-readers-theatre.eu\/wp-content\/uploads\/2015\/07\/download.png\" alt=\"\" \/> <\/a><a href=\"https:\/\/melt-multilingual-readers-theatre.eu\/wp-content\/uploads\/2017\/12\/MELT-Fortbildungsmodul_Mehrsprachigkeit_Vortrag.pdf\" target=\"fenster1\" rel=\"noopener noreferrer\">Vortrag Mehrsprachigkeit<\/a><\/p>\n<h2>Lesemotivation<\/h2>\n<p><a target=\"fenster1\" rel=\"noopener noreferrer\"><img decoding=\"async\" src=\"https:\/\/melt-multilingual-readers-theatre.eu\/wp-content\/uploads\/2015\/07\/download.png\" alt=\"\" \/> <\/a><a href=\"https:\/\/melt-multilingual-readers-theatre.eu\/wp-content\/uploads\/2017\/12\/MELT-Fortbildungsmodul_Handreichung_Lesemotivation-ohne-Lit.pdf\" target=\"fenster1\" rel=\"noopener noreferrer\">Handreichung Lesemotivation<\/a><a target=\"fenster1\" rel=\"noopener noreferrer\"><br \/>\n<img decoding=\"async\" src=\"https:\/\/melt-multilingual-readers-theatre.eu\/wp-content\/uploads\/2015\/07\/download.png\" alt=\"\" \/> <\/a><a href=\"https:\/\/melt-multilingual-readers-theatre.eu\/wp-content\/uploads\/2017\/12\/MELT-Fortbildungsmodul_Vortrag_Lesemotivation.pdf\" target=\"fenster1\" rel=\"noopener noreferrer\">Vortrag Lesemotivation<\/a><\/p>\n<\/div>\n<\/div>\n","protected":false},"excerpt":{"rendered":"<p>MELT-Module f\u00fcr die Lehrerfortbildung Die Fortbildungsmaterialien f\u00fchren Interessierte in grundlegende theoretische Kenntnisse und Fertigkeiten ein, derer es f\u00fcr die unterrichtliche Umsetzung von MELT bedarf. Die Materialien eignen sich f\u00fcr Lehrpersonen und Studierende des Fachs Deutsch und der Fremdsprachenf\u00e4cher (insbesondere Englisch und Franz\u00f6sisch, aber auch anderer Fremdsprachen) der Primar- und der Sekundarstufe sowie f\u00fcr Personen in &hellip; <\/p>\n","protected":false},"author":24,"featured_media":0,"parent":0,"menu_order":0,"comment_status":"closed","ping_status":"closed","template":"","meta":{"footnotes":""},"translation":{"provider":"WPGlobus","version":"2.12.2","language":"en","enabled_languages":["de","en"],"languages":{"de":{"title":true,"content":true,"excerpt":false},"en":{"title":false,"content":false,"excerpt":false}}},"yoast_head":"<!-- This site is optimized with the Yoast SEO plugin v21.7 - https:\/\/yoast.com\/wordpress\/plugins\/seo\/ -->\n<title>Module - MELT<\/title>\n<meta name=\"robots\" content=\"index, follow, max-snippet:-1, max-image-preview:large, max-video-preview:-1\" \/>\n<link rel=\"canonical\" href=\"https:\/\/melt-multilingual-readers-theatre.eu\/module\/\" \/>\n<meta property=\"og:locale\" content=\"en_US\" \/>\n<meta property=\"og:type\" content=\"article\" \/>\n<meta property=\"og:title\" content=\"Module - MELT\" \/>\n<meta property=\"og:url\" content=\"https:\/\/melt-multilingual-readers-theatre.eu\/module\/\" \/>\n<meta property=\"og:site_name\" content=\"MELT\" \/>\n<meta property=\"article:modified_time\" content=\"2023-12-12T19:49:51+00:00\" \/>\n<meta property=\"og:image\" content=\"https:\/\/melt-multilingual-readers-theatre.eu\/wp-content\/uploads\/2015\/07\/download.png\" \/>\n<meta name=\"twitter:card\" content=\"summary_large_image\" \/>\n<meta name=\"twitter:label1\" content=\"Est. reading time\" \/>\n\t<meta name=\"twitter:data1\" content=\"4 minutes\" \/>\n<script type=\"application\/ld+json\" class=\"yoast-schema-graph\">{\"@context\":\"https:\/\/schema.org\",\"@graph\":[{\"@type\":\"WebPage\",\"@id\":\"https:\/\/melt-multilingual-readers-theatre.eu\/module\/\",\"url\":\"https:\/\/melt-multilingual-readers-theatre.eu\/module\/\",\"name\":\"Module - MELT\",\"isPartOf\":{\"@id\":\"https:\/\/melt-multilingual-readers-theatre.eu\/#website\"},\"datePublished\":\"2017-12-03T11:05:40+00:00\",\"dateModified\":\"2023-12-12T19:49:51+00:00\",\"breadcrumb\":{\"@id\":\"https:\/\/melt-multilingual-readers-theatre.eu\/module\/#breadcrumb\"},\"inLanguage\":\"en-US\",\"potentialAction\":[{\"@type\":\"ReadAction\",\"target\":[\"https:\/\/melt-multilingual-readers-theatre.eu\/module\/\"]}]},{\"@type\":\"BreadcrumbList\",\"@id\":\"https:\/\/melt-multilingual-readers-theatre.eu\/module\/#breadcrumb\",\"itemListElement\":[{\"@type\":\"ListItem\",\"position\":1,\"name\":\"Home\",\"item\":\"https:\/\/melt-multilingual-readers-theatre.eu\/\"},{\"@type\":\"ListItem\",\"position\":2,\"name\":\"Module\"}]},{\"@type\":\"WebSite\",\"@id\":\"https:\/\/melt-multilingual-readers-theatre.eu\/#website\",\"url\":\"https:\/\/melt-multilingual-readers-theatre.eu\/\",\"name\":\"MELT\",\"description\":\"Mehrsprachiges Lesetheater\",\"potentialAction\":[{\"@type\":\"SearchAction\",\"target\":{\"@type\":\"EntryPoint\",\"urlTemplate\":\"https:\/\/melt-multilingual-readers-theatre.eu\/?s={search_term_string}\"},\"query-input\":\"required name=search_term_string\"}],\"inLanguage\":\"en-US\"}]}<\/script>\n<!-- \/ Yoast SEO plugin. -->","yoast_head_json":{"title":"Module - MELT","robots":{"index":"index","follow":"follow","max-snippet":"max-snippet:-1","max-image-preview":"max-image-preview:large","max-video-preview":"max-video-preview:-1"},"canonical":"https:\/\/melt-multilingual-readers-theatre.eu\/module\/","og_locale":"en_US","og_type":"article","og_title":"Module - MELT","og_url":"https:\/\/melt-multilingual-readers-theatre.eu\/module\/","og_site_name":"MELT","article_modified_time":"2023-12-12T19:49:51+00:00","og_image":[{"url":"https:\/\/melt-multilingual-readers-theatre.eu\/wp-content\/uploads\/2015\/07\/download.png"}],"twitter_card":"summary_large_image","twitter_misc":{"Est. reading time":"4 minutes"},"schema":{"@context":"https:\/\/schema.org","@graph":[{"@type":"WebPage","@id":"https:\/\/melt-multilingual-readers-theatre.eu\/module\/","url":"https:\/\/melt-multilingual-readers-theatre.eu\/module\/","name":"Module - MELT","isPartOf":{"@id":"https:\/\/melt-multilingual-readers-theatre.eu\/#website"},"datePublished":"2017-12-03T11:05:40+00:00","dateModified":"2023-12-12T19:49:51+00:00","breadcrumb":{"@id":"https:\/\/melt-multilingual-readers-theatre.eu\/module\/#breadcrumb"},"inLanguage":"en-US","potentialAction":[{"@type":"ReadAction","target":["https:\/\/melt-multilingual-readers-theatre.eu\/module\/"]}]},{"@type":"BreadcrumbList","@id":"https:\/\/melt-multilingual-readers-theatre.eu\/module\/#breadcrumb","itemListElement":[{"@type":"ListItem","position":1,"name":"Home","item":"https:\/\/melt-multilingual-readers-theatre.eu\/"},{"@type":"ListItem","position":2,"name":"Module"}]},{"@type":"WebSite","@id":"https:\/\/melt-multilingual-readers-theatre.eu\/#website","url":"https:\/\/melt-multilingual-readers-theatre.eu\/","name":"MELT","description":"Mehrsprachiges Lesetheater","potentialAction":[{"@type":"SearchAction","target":{"@type":"EntryPoint","urlTemplate":"https:\/\/melt-multilingual-readers-theatre.eu\/?s={search_term_string}"},"query-input":"required name=search_term_string"}],"inLanguage":"en-US"}]}},"_links":{"self":[{"href":"https:\/\/melt-multilingual-readers-theatre.eu\/en\/wp-json\/wp\/v2\/pages\/1805"}],"collection":[{"href":"https:\/\/melt-multilingual-readers-theatre.eu\/en\/wp-json\/wp\/v2\/pages"}],"about":[{"href":"https:\/\/melt-multilingual-readers-theatre.eu\/en\/wp-json\/wp\/v2\/types\/page"}],"author":[{"embeddable":true,"href":"https:\/\/melt-multilingual-readers-theatre.eu\/en\/wp-json\/wp\/v2\/users\/24"}],"replies":[{"embeddable":true,"href":"https:\/\/melt-multilingual-readers-theatre.eu\/en\/wp-json\/wp\/v2\/comments?post=1805"}],"version-history":[{"count":14,"href":"https:\/\/melt-multilingual-readers-theatre.eu\/en\/wp-json\/wp\/v2\/pages\/1805\/revisions"}],"predecessor-version":[{"id":2065,"href":"https:\/\/melt-multilingual-readers-theatre.eu\/en\/wp-json\/wp\/v2\/pages\/1805\/revisions\/2065"}],"wp:attachment":[{"href":"https:\/\/melt-multilingual-readers-theatre.eu\/en\/wp-json\/wp\/v2\/media?parent=1805"}],"curies":[{"name":"wp","href":"https:\/\/api.w.org\/{rel}","templated":true}]}}