{"id":65,"date":"2014-10-10T17:03:46","date_gmt":"2014-10-10T15:03:46","guid":{"rendered":"http:\/\/projectmevol.wordpress.com\/?page_id=65"},"modified":"2016-03-13T02:36:59","modified_gmt":"2016-03-13T02:36:59","slug":"impressum","status":"publish","type":"page","link":"https:\/\/melt-multilingual-readers-theatre.eu\/en\/impressum\/","title":{"rendered":"Impressum"},"content":{"rendered":"<div class=\"one-half first\">\n<h3><strong>Impressum<\/strong><\/h3>\n<p>Angaben gem\u00e4\u00df \u00a7 5 TMG:<\/p>\n<p>Prof. Dr. Ute Massler<br \/>\nProjektleiterin Forschungsprojekt MELT<br \/>\nan der P\u00e4dagogischen Hochschule Weingarten<br \/>\nKirchplatz 2<br \/>\n88250 Weingarten<\/p>\n<h2><strong>Kontakt:<\/strong><\/h2>\n<p>Telefon: 0049(0)751-501-0<br \/>\nEmail: massler@ph-weingarten.de<\/p>\n<h2><strong>Umsatzsteuer-ID:<\/strong><\/h2>\n<p>Umsatzsteuer-Identifikationsnummer gem\u00e4\u00df \u00a727 a Umsatzsteuergesetz:<br \/>\nDE814218256 (PH Weingarten)<\/p>\n<h2><strong>Aufsichtsbeh\u00f6rde:<\/strong><\/h2>\n<p>der PH Weingarten: Ministerium f\u00fcr Wissenschaft und Kunst Baden-W\u00fcrttemberg<\/p>\n<p>Quelle:\u00a0 <i>Erstellt durch den <a href=\"http:\/\/www.e-recht24.de\" target=\"_blank\">Impressum-Generator<\/a> von e-recht24.de.<\/i>\n<\/div>\n<div class=\"one-half\">\n<h2><strong>Haftungsausschluss:<\/strong><\/h2>\n<p><strong>Haftung f\u00fcr Inhalte<\/strong><\/p>\n<p>Die Inhalte unserer Seiten wurden mit gr\u00f6\u00dfter Sorgfalt erstellt. F\u00fcr die Richtigkeit, Vollst\u00e4ndigkeit und Aktualit\u00e4t der Inhalte k\u00f6nnen wir jedoch keine Gew\u00e4hr \u00fcbernehmen. Als Diensteanbieter sind wir gem\u00e4\u00df \u00a7 7 Abs.1 TMG f\u00fcr eigene Inhalte auf diesen Seiten nach den allgemeinen Gesetzen verantwortlich. Nach \u00a7\u00a7 8 bis 10 TMG sind wir als Diensteanbieter jedoch nicht verpflichtet, \u00fcbermittelte oder gespeicherte fremde Informationen zu \u00fcberwachen oder nach Umst\u00e4nden zu forschen, die auf eine rechtswidrige T\u00e4tigkeit hinweisen. Verpflichtungen zur Entfernung oder Sperrung der Nutzung von Informationen nach den allgemeinen Gesetzen bleiben hiervon unber\u00fchrt. Eine diesbez\u00fcgliche Haftung ist jedoch erst ab dem Zeitpunkt der Kenntnis einer konkreten Rechtsverletzung m\u00f6glich. Bei Bekanntwerden von entsprechenden Rechtsverletzungen werden wir diese Inhalte umgehend entfernen.<\/p>\n<p><strong>Haftung f\u00fcr Links<\/strong><\/p>\n<p>Unser Angebot enth\u00e4lt Links zu externen Webseiten Dritter, auf deren Inhalte wir keinen Einfluss haben. Deshalb k\u00f6nnen wir f\u00fcr diese fremden Inhalte auch keine Gew\u00e4hr \u00fcbernehmen. F\u00fcr die Inhalte der verlinkten Seiten ist stets der jeweilige Anbieter oder Betreiber der Seiten verantwortlich. Die verlinkten Seiten wurden zum Zeitpunkt der Verlinkung auf m\u00f6gliche Rechtsverst\u00f6\u00dfe \u00fcberpr\u00fcft. Rechtswidrige Inhalte waren zum Zeitpunkt der Verlinkung nicht erkennbar. Eine permanente inhaltliche Kontrolle der verlinkten Seiten ist jedoch ohne konkrete Anhaltspunkte einer Rechtsverletzung nicht zumutbar. Bei Bekanntwerden von Rechtsverletzungen werden wir derartige Links umgehend entfernen.<\/p>\n<p><strong>Urheberrecht<\/strong><\/p>\n<p>Die durch die Seitenbetreiber erstellten Inhalte und Werke auf diesen Seiten unterliegen dem deutschen Urheberrecht. Die Vervielf\u00e4ltigung, Bearbeitung, Verbreitung und jede Art der Verwertung au\u00dferhalb der Grenzen des Urheberrechtes bed\u00fcrfen der schriftlichen Zustimmung des jeweiligen Autors bzw. Erstellers. Downloads und Kopien dieser Seite sind nur f\u00fcr den privaten, nicht kommerziellen Gebrauch gestattet. Soweit die Inhalte auf dieser Seite nicht vom Betreiber erstellt wurden, werden die Urheberrechte Dritter beachtet. Insbesondere werden Inhalte Dritter als solche gekennzeichnet. Sollten Sie trotzdem auf eine Urheberrechtsverletzung aufmerksam werden, bitten wir um einen entsprechenden Hinweis. Bei Bekanntwerden von Rechtsverletzungen werden wir derartige Inhalte umgehend entfernen.<\/p>\n<p><strong>Datenschutz<\/strong><\/p>\n<p>Die Nutzung unserer Webseite ist in der Regel ohne Angabe personenbezogener Daten m\u00f6glich. Soweit auf unseren Seiten personenbezogene Daten (beispielsweise Name, Anschrift oder eMail-Adressen) erhoben werden, erfolgt dies, soweit m\u00f6glich, stets auf freiwilliger Basis. Diese Daten werden ohne Ihre ausdr\u00fcckliche Zustimmung nicht an Dritte weitergegeben.<\/p>\n<p>Wir weisen darauf hin, dass die Daten\u00fcbertragung im Internet (z.B. bei der Kommunikation per E-Mail) Sicherheitsl\u00fccken aufweisen kann. Ein l\u00fcckenloser Schutz der Daten vor dem Zugriff durch Dritte ist nicht m\u00f6glich.<\/p>\n<p>Der Nutzung von im Rahmen der Impressumspflicht ver\u00f6ffentlichten Kontaktdaten durch Dritte zur \u00dcbersendung von nicht ausdr\u00fccklich angeforderter Werbung und Informationsmaterialien wird hiermit ausdr\u00fccklich widersprochen. Die Betreiber der Seiten behalten sich ausdr\u00fccklich rechtliche Schritte im Falle der unverlangten Zusendung von Werbeinformationen, etwa durch Spam-Mails, vor.<\/p>\n<p><strong>Verantwortung f\u00fcr den Inhalt<\/strong><\/p>\n<p>Dieses Projekt wurde mit Unterst\u00fctzung der Europ\u00e4ischen Kommission<br \/>\nfinanziert. Die Verantwortung f\u00fcr den Inhalt dieser Ver\u00f6ffentlichung<br \/>\n(Mitteilung) tr\u00e4gt allein der Verfasser; die Kommission haftet nicht f\u00fcr<br \/>\ndie weitere Verwendung der darin enthaltenen Angaben.<\/p>\n<p>Diese Website benutzt Google Analytics, einen Webanalysedienst der Google Inc. (\u201eGoogle\u201c). Google Analytics verwendet sog. \u201eCookies\u201c, Textdateien, die auf Ihrem Computer gespeichert werden und die eine Analyse der Benutzung der Website durch Sie erm\u00f6glichen. Sie k\u00f6nnen die Erfassung durch Google Analytics verhindern, indem Sie auf folgenden Link klicken. Es wird ein Opt-Out-Cookie gesetzt, das die zuk\u00fcnftige Erfassung Ihrer Daten beim Besuch dieser Website verhindert:<\/p>\n<p><a onclick=\"alert('Google Analytics wurde deaktiviert');\" \nhref=\"javascript:gaOptout()\">Google Analytics deaktivieren<\/a><\/p>\n<p>&nbsp;\n<\/p><\/div>\n","protected":false},"excerpt":{"rendered":"<p>Impressum Angaben gem\u00e4\u00df \u00a7 5 TMG: Prof. Dr. Ute Massler Projektleiterin Forschungsprojekt MELT an der P\u00e4dagogischen Hochschule Weingarten Kirchplatz 2 88250 Weingarten Kontakt: Telefon: 0049(0)751-501-0 Email: massler@ph-weingarten.de Umsatzsteuer-ID: Umsatzsteuer-Identifikationsnummer gem\u00e4\u00df \u00a727 a Umsatzsteuergesetz: DE814218256 (PH Weingarten) Aufsichtsbeh\u00f6rde: der PH Weingarten: Ministerium f\u00fcr Wissenschaft und Kunst Baden-W\u00fcrttemberg Quelle:\u00a0 Erstellt durch den Impressum-Generator von e-recht24.de. Haftungsausschluss: Haftung &hellip; <\/p>\n","protected":false},"author":1,"featured_media":0,"parent":0,"menu_order":5,"comment_status":"closed","ping_status":"closed","template":"","meta":{"footnotes":""},"translation":{"provider":"WPGlobus","version":"2.12.2","language":"en","enabled_languages":["de","en"],"languages":{"de":{"title":true,"content":true,"excerpt":false},"en":{"title":false,"content":false,"excerpt":false}}},"yoast_head":"<!-- This site is optimized with the Yoast SEO plugin v21.7 - https:\/\/yoast.com\/wordpress\/plugins\/seo\/ -->\n<title>Impressum - MELT<\/title>\n<meta name=\"robots\" content=\"index, follow, max-snippet:-1, max-image-preview:large, max-video-preview:-1\" \/>\n<link rel=\"canonical\" href=\"https:\/\/melt-multilingual-readers-theatre.eu\/impressum\/\" \/>\n<meta property=\"og:locale\" content=\"en_US\" \/>\n<meta property=\"og:type\" content=\"article\" \/>\n<meta property=\"og:title\" content=\"Impressum - MELT\" \/>\n<meta property=\"og:url\" content=\"https:\/\/melt-multilingual-readers-theatre.eu\/impressum\/\" \/>\n<meta property=\"og:site_name\" content=\"MELT\" \/>\n<meta property=\"article:modified_time\" content=\"2016-03-13T02:36:59+00:00\" \/>\n<meta name=\"twitter:card\" content=\"summary_large_image\" \/>\n<meta name=\"twitter:label1\" content=\"Est. reading time\" \/>\n\t<meta name=\"twitter:data1\" content=\"3 minutes\" \/>\n<script type=\"application\/ld+json\" class=\"yoast-schema-graph\">{\"@context\":\"https:\/\/schema.org\",\"@graph\":[{\"@type\":\"WebPage\",\"@id\":\"https:\/\/melt-multilingual-readers-theatre.eu\/impressum\/\",\"url\":\"https:\/\/melt-multilingual-readers-theatre.eu\/impressum\/\",\"name\":\"Impressum - MELT\",\"isPartOf\":{\"@id\":\"https:\/\/melt-multilingual-readers-theatre.eu\/#website\"},\"datePublished\":\"2014-10-10T15:03:46+00:00\",\"dateModified\":\"2016-03-13T02:36:59+00:00\",\"breadcrumb\":{\"@id\":\"https:\/\/melt-multilingual-readers-theatre.eu\/impressum\/#breadcrumb\"},\"inLanguage\":\"en-US\",\"potentialAction\":[{\"@type\":\"ReadAction\",\"target\":[\"https:\/\/melt-multilingual-readers-theatre.eu\/impressum\/\"]}]},{\"@type\":\"BreadcrumbList\",\"@id\":\"https:\/\/melt-multilingual-readers-theatre.eu\/impressum\/#breadcrumb\",\"itemListElement\":[{\"@type\":\"ListItem\",\"position\":1,\"name\":\"Home\",\"item\":\"https:\/\/melt-multilingual-readers-theatre.eu\/\"},{\"@type\":\"ListItem\",\"position\":2,\"name\":\"Impressum\"}]},{\"@type\":\"WebSite\",\"@id\":\"https:\/\/melt-multilingual-readers-theatre.eu\/#website\",\"url\":\"https:\/\/melt-multilingual-readers-theatre.eu\/\",\"name\":\"MELT\",\"description\":\"Mehrsprachiges Lesetheater\",\"potentialAction\":[{\"@type\":\"SearchAction\",\"target\":{\"@type\":\"EntryPoint\",\"urlTemplate\":\"https:\/\/melt-multilingual-readers-theatre.eu\/?s={search_term_string}\"},\"query-input\":\"required name=search_term_string\"}],\"inLanguage\":\"en-US\"}]}<\/script>\n<!-- \/ Yoast SEO plugin. -->","yoast_head_json":{"title":"Impressum - MELT","robots":{"index":"index","follow":"follow","max-snippet":"max-snippet:-1","max-image-preview":"max-image-preview:large","max-video-preview":"max-video-preview:-1"},"canonical":"https:\/\/melt-multilingual-readers-theatre.eu\/impressum\/","og_locale":"en_US","og_type":"article","og_title":"Impressum - MELT","og_url":"https:\/\/melt-multilingual-readers-theatre.eu\/impressum\/","og_site_name":"MELT","article_modified_time":"2016-03-13T02:36:59+00:00","twitter_card":"summary_large_image","twitter_misc":{"Est. reading time":"3 minutes"},"schema":{"@context":"https:\/\/schema.org","@graph":[{"@type":"WebPage","@id":"https:\/\/melt-multilingual-readers-theatre.eu\/impressum\/","url":"https:\/\/melt-multilingual-readers-theatre.eu\/impressum\/","name":"Impressum - MELT","isPartOf":{"@id":"https:\/\/melt-multilingual-readers-theatre.eu\/#website"},"datePublished":"2014-10-10T15:03:46+00:00","dateModified":"2016-03-13T02:36:59+00:00","breadcrumb":{"@id":"https:\/\/melt-multilingual-readers-theatre.eu\/impressum\/#breadcrumb"},"inLanguage":"en-US","potentialAction":[{"@type":"ReadAction","target":["https:\/\/melt-multilingual-readers-theatre.eu\/impressum\/"]}]},{"@type":"BreadcrumbList","@id":"https:\/\/melt-multilingual-readers-theatre.eu\/impressum\/#breadcrumb","itemListElement":[{"@type":"ListItem","position":1,"name":"Home","item":"https:\/\/melt-multilingual-readers-theatre.eu\/"},{"@type":"ListItem","position":2,"name":"Impressum"}]},{"@type":"WebSite","@id":"https:\/\/melt-multilingual-readers-theatre.eu\/#website","url":"https:\/\/melt-multilingual-readers-theatre.eu\/","name":"MELT","description":"Mehrsprachiges Lesetheater","potentialAction":[{"@type":"SearchAction","target":{"@type":"EntryPoint","urlTemplate":"https:\/\/melt-multilingual-readers-theatre.eu\/?s={search_term_string}"},"query-input":"required name=search_term_string"}],"inLanguage":"en-US"}]}},"_links":{"self":[{"href":"https:\/\/melt-multilingual-readers-theatre.eu\/en\/wp-json\/wp\/v2\/pages\/65"}],"collection":[{"href":"https:\/\/melt-multilingual-readers-theatre.eu\/en\/wp-json\/wp\/v2\/pages"}],"about":[{"href":"https:\/\/melt-multilingual-readers-theatre.eu\/en\/wp-json\/wp\/v2\/types\/page"}],"author":[{"embeddable":true,"href":"https:\/\/melt-multilingual-readers-theatre.eu\/en\/wp-json\/wp\/v2\/users\/1"}],"replies":[{"embeddable":true,"href":"https:\/\/melt-multilingual-readers-theatre.eu\/en\/wp-json\/wp\/v2\/comments?post=65"}],"version-history":[{"count":7,"href":"https:\/\/melt-multilingual-readers-theatre.eu\/en\/wp-json\/wp\/v2\/pages\/65\/revisions"}],"predecessor-version":[{"id":926,"href":"https:\/\/melt-multilingual-readers-theatre.eu\/en\/wp-json\/wp\/v2\/pages\/65\/revisions\/926"}],"wp:attachment":[{"href":"https:\/\/melt-multilingual-readers-theatre.eu\/en\/wp-json\/wp\/v2\/media?parent=65"}],"curies":[{"name":"wp","href":"https:\/\/api.w.org\/{rel}","templated":true}]}}