{"id":665,"date":"2015-08-02T09:21:53","date_gmt":"2015-08-02T09:21:53","guid":{"rendered":"http:\/\/melt-multilingual-readers-theatre.eu\/?page_id=665"},"modified":"2019-12-27T11:48:36","modified_gmt":"2019-12-27T11:48:36","slug":"team","status":"publish","type":"page","link":"https:\/\/melt-multilingual-readers-theatre.eu\/en\/team\/","title":{"rendered":"team"},"content":{"rendered":"<div class=\"one-half first\">\n<h3><img loading=\"lazy\" decoding=\"async\" class=\"alignnone size-full wp-image-852\" src=\"https:\/\/melt-multilingual-readers-theatre.eu\/wp-content\/uploads\/2015\/08\/flaggeDE.png\" alt=\"DE\" width=\"32\" height=\"32\" \/> Germany<\/h3>\n<hr \/>\n<p><strong>P\u00e4dagogische Hochschule Weingarten (Project Coordination):<\/strong><a href=\"https:\/\/melt-multilingual-readers-theatre.eu\/wp-content\/uploads\/2017\/04\/ph-signet-rot.gif\"><img loading=\"lazy\" decoding=\"async\" class=\" wp-image-1306 alignright\" src=\"https:\/\/melt-multilingual-readers-theatre.eu\/wp-content\/uploads\/2017\/04\/ph-signet-rot.gif\" alt=\"ph-signet-rot\" width=\"81\" height=\"51\" \/><\/a><br \/>\n<strong>Prof. Dr. Ute Massler (Head of project)<br \/>\nDr. Kristina G\u00f6tz, Dr. Kerstin Theinert<\/strong><\/p>\n<p>Realschule Weingarten<br \/>\nCooperation teacher: Stefanie Arnold<\/p>\n<p>&nbsp;<\/p>\n<h3><img loading=\"lazy\" decoding=\"async\" class=\"alignnone size-full wp-image-852\" src=\"https:\/\/melt-multilingual-readers-theatre.eu\/wp-content\/uploads\/2015\/08\/FlaggeCH.png\" alt=\"DE\" width=\"32\" height=\"32\" \/> Swiss<\/h3>\n<hr \/>\n<p><strong>P\u00e4dagogische Hochschule St. Gallen<a href=\"https:\/\/melt-multilingual-readers-theatre.eu\/wp-content\/uploads\/2017\/04\/LOGO_Vollversion.jpg\"><img loading=\"lazy\" decoding=\"async\" class=\" wp-image-1304 alignright\" src=\"https:\/\/melt-multilingual-readers-theatre.eu\/wp-content\/uploads\/2017\/04\/LOGO_Vollversion-300x82.jpg\" alt=\"LOGO_Vollversion\" width=\"146\" height=\"40\" srcset=\"https:\/\/melt-multilingual-readers-theatre.eu\/wp-content\/uploads\/2017\/04\/LOGO_Vollversion-300x82.jpg 300w, https:\/\/melt-multilingual-readers-theatre.eu\/wp-content\/uploads\/2017\/04\/LOGO_Vollversion-1024x281.jpg 1024w, https:\/\/melt-multilingual-readers-theatre.eu\/wp-content\/uploads\/2017\/04\/LOGO_Vollversion-600x165.jpg 600w, https:\/\/melt-multilingual-readers-theatre.eu\/wp-content\/uploads\/2017\/04\/LOGO_Vollversion.jpg 1181w\" sizes=\"(max-width: 146px) 100vw, 146px\" \/><\/a><\/strong><br \/>\n<strong> Prof. Sabine Kutzelmann, Seraina Paul<\/strong><\/p>\n<p>Pestalozzischule Rorschach<br \/>\nCooperation teacher: Andrea B\u00fcchel<\/p>\n<p>&nbsp;<\/p>\n<\/div>\n<div class=\"one-half\">\n<h3><img loading=\"lazy\" decoding=\"async\" class=\"alignnone size-full wp-image-852\" src=\"https:\/\/melt-multilingual-readers-theatre.eu\/wp-content\/uploads\/2015\/08\/FlaggeLU.png\" alt=\"Luxemburg\" width=\"32\" height=\"32\" \/> Luxembourg<\/h3>\n<hr \/>\n<p><strong>SCRIPT Luxembourg: <a href=\"https:\/\/melt-multilingual-readers-theatre.eu\/wp-content\/uploads\/2017\/04\/New-SCRIPT-Logo.jpg\"><img loading=\"lazy\" decoding=\"async\" class=\" wp-image-1307 alignright\" src=\"https:\/\/melt-multilingual-readers-theatre.eu\/wp-content\/uploads\/2017\/04\/New-SCRIPT-Logo-300x106.jpg\" alt=\"New SCRIPT Logo\" width=\"133\" height=\"47\" srcset=\"https:\/\/melt-multilingual-readers-theatre.eu\/wp-content\/uploads\/2017\/04\/New-SCRIPT-Logo-300x106.jpg 300w, https:\/\/melt-multilingual-readers-theatre.eu\/wp-content\/uploads\/2017\/04\/New-SCRIPT-Logo-1024x363.jpg 1024w, https:\/\/melt-multilingual-readers-theatre.eu\/wp-content\/uploads\/2017\/04\/New-SCRIPT-Logo-600x213.jpg 600w\" sizes=\"(max-width: 133px) 100vw, 133px\" \/><\/a><\/strong><br \/>\n<strong>Robert Hendel, Anne-Marie Antony<\/strong><\/p>\n<p>L\u00ebnster Lyc\u00e9e<br \/>\nCooperation teachers: Tessy Goll\u00e8re and Christian Mertens<\/p>\n<p>&nbsp;<\/p>\n<\/div>\n<p>&nbsp;<\/p>\n<p>&nbsp;<\/p>\n<p>&nbsp;<\/p>\n<p>&nbsp;<\/p>\n<div class=\"one-half\"><\/div>\n<div class=\"one-half\">\n<h3><img loading=\"lazy\" decoding=\"async\" class=\"alignnone size-full wp-image-852\" src=\"https:\/\/melt-multilingual-readers-theatre.eu\/wp-content\/uploads\/2015\/08\/FlaggeAT.png\" alt=\"DE\" width=\"32\" height=\"32\" \/> Austria<\/h3>\n<hr \/>\n<p><strong>P\u00e4dagogische Hochschule Vorarlberg:<a href=\"https:\/\/melt-multilingual-readers-theatre.eu\/wp-content\/uploads\/2017\/04\/PH_logo_Negativ.jpg\"><img loading=\"lazy\" decoding=\"async\" class=\" wp-image-1305 alignright\" src=\"https:\/\/melt-multilingual-readers-theatre.eu\/wp-content\/uploads\/2017\/04\/PH_logo_Negativ-300x300.jpg\" alt=\"PH_logo_Negativ\" width=\"91\" height=\"91\" srcset=\"https:\/\/melt-multilingual-readers-theatre.eu\/wp-content\/uploads\/2017\/04\/PH_logo_Negativ-300x300.jpg 300w, https:\/\/melt-multilingual-readers-theatre.eu\/wp-content\/uploads\/2017\/04\/PH_logo_Negativ-150x150.jpg 150w, https:\/\/melt-multilingual-readers-theatre.eu\/wp-content\/uploads\/2017\/04\/PH_logo_Negativ-1020x1024.jpg 1020w, https:\/\/melt-multilingual-readers-theatre.eu\/wp-content\/uploads\/2017\/04\/PH_logo_Negativ-600x603.jpg 600w, https:\/\/melt-multilingual-readers-theatre.eu\/wp-content\/uploads\/2017\/04\/PH_logo_Negativ.jpg 1180w\" sizes=\"(max-width: 91px) 100vw, 91px\" \/><\/a><\/strong><br \/>\n<strong> Prof. Dr. Klaus Peter, Prof. Dr. Angelika Ilg, Franz Ludescher, Dominik Unterthiner<\/strong><\/p>\n<p>Vorarlberger Mittelschule, Bregenz Vorkloster<a href=\"https:\/\/melt-multilingual-readers-theatre.eu\/wp-content\/uploads\/2017\/04\/sms-vorkloster.jpg\"><img loading=\"lazy\" decoding=\"async\" class=\" wp-image-1308 alignright\" src=\"https:\/\/melt-multilingual-readers-theatre.eu\/wp-content\/uploads\/2017\/04\/sms-vorkloster-300x300.jpg\" alt=\"sms vorkloster\" width=\"91\" height=\"91\" srcset=\"https:\/\/melt-multilingual-readers-theatre.eu\/wp-content\/uploads\/2017\/04\/sms-vorkloster-300x300.jpg 300w, https:\/\/melt-multilingual-readers-theatre.eu\/wp-content\/uploads\/2017\/04\/sms-vorkloster-150x150.jpg 150w, https:\/\/melt-multilingual-readers-theatre.eu\/wp-content\/uploads\/2017\/04\/sms-vorkloster-600x600.jpg 600w, https:\/\/melt-multilingual-readers-theatre.eu\/wp-content\/uploads\/2017\/04\/sms-vorkloster.jpg 824w\" sizes=\"(max-width: 91px) 100vw, 91px\" \/><\/a><br \/>\nCooperation teachers: Kurt Benedikt and Stefanie Blodnig<\/p>\n<\/div>\n","protected":false},"excerpt":{"rendered":"<p>Germany P\u00e4dagogische Hochschule Weingarten (Project Coordination): Prof. Dr. Ute Massler (Head of project) Dr. Kristina G\u00f6tz, Dr. Kerstin Theinert Realschule Weingarten Cooperation teacher: Stefanie Arnold &nbsp; Swiss P\u00e4dagogische Hochschule St. Gallen Prof. Sabine Kutzelmann, Seraina Paul Pestalozzischule Rorschach Cooperation teacher: Andrea B\u00fcchel &nbsp; Luxembourg SCRIPT Luxembourg: Robert Hendel, Anne-Marie Antony L\u00ebnster Lyc\u00e9e Cooperation teachers: Tessy &hellip; <\/p>\n","protected":false},"author":1,"featured_media":0,"parent":0,"menu_order":0,"comment_status":"open","ping_status":"open","template":"","meta":{"footnotes":""},"translation":{"provider":"WPGlobus","version":"2.12.2","language":"en","enabled_languages":["de","en"],"languages":{"de":{"title":true,"content":true,"excerpt":false},"en":{"title":true,"content":true,"excerpt":false}}},"yoast_head":"<!-- This site is optimized with the Yoast SEO plugin v21.7 - https:\/\/yoast.com\/wordpress\/plugins\/seo\/ -->\n<title>team - MELT<\/title>\n<meta name=\"robots\" content=\"index, follow, max-snippet:-1, max-image-preview:large, max-video-preview:-1\" \/>\n<link rel=\"canonical\" href=\"https:\/\/melt-multilingual-readers-theatre.eu\/team\/\" \/>\n<meta property=\"og:locale\" content=\"en_US\" \/>\n<meta property=\"og:type\" content=\"article\" \/>\n<meta property=\"og:title\" content=\"team - MELT\" \/>\n<meta property=\"og:url\" content=\"https:\/\/melt-multilingual-readers-theatre.eu\/team\/\" \/>\n<meta property=\"og:site_name\" content=\"MELT\" \/>\n<meta property=\"article:modified_time\" content=\"2019-12-27T11:48:36+00:00\" \/>\n<meta property=\"og:image\" content=\"https:\/\/melt-multilingual-readers-theatre.eu\/wp-content\/uploads\/2015\/08\/flaggeDE.png\" \/>\n<meta name=\"twitter:card\" content=\"summary_large_image\" \/>\n<meta name=\"twitter:label1\" content=\"Est. reading time\" \/>\n\t<meta name=\"twitter:data1\" content=\"1 minute\" \/>\n<script type=\"application\/ld+json\" class=\"yoast-schema-graph\">{\"@context\":\"https:\/\/schema.org\",\"@graph\":[{\"@type\":\"WebPage\",\"@id\":\"https:\/\/melt-multilingual-readers-theatre.eu\/team\/\",\"url\":\"https:\/\/melt-multilingual-readers-theatre.eu\/team\/\",\"name\":\"team - MELT\",\"isPartOf\":{\"@id\":\"https:\/\/melt-multilingual-readers-theatre.eu\/#website\"},\"datePublished\":\"2015-08-02T09:21:53+00:00\",\"dateModified\":\"2019-12-27T11:48:36+00:00\",\"breadcrumb\":{\"@id\":\"https:\/\/melt-multilingual-readers-theatre.eu\/team\/#breadcrumb\"},\"inLanguage\":\"en-US\",\"potentialAction\":[{\"@type\":\"ReadAction\",\"target\":[\"https:\/\/melt-multilingual-readers-theatre.eu\/team\/\"]}]},{\"@type\":\"BreadcrumbList\",\"@id\":\"https:\/\/melt-multilingual-readers-theatre.eu\/team\/#breadcrumb\",\"itemListElement\":[{\"@type\":\"ListItem\",\"position\":1,\"name\":\"Home\",\"item\":\"https:\/\/melt-multilingual-readers-theatre.eu\/\"},{\"@type\":\"ListItem\",\"position\":2,\"name\":\"Team\"}]},{\"@type\":\"WebSite\",\"@id\":\"https:\/\/melt-multilingual-readers-theatre.eu\/#website\",\"url\":\"https:\/\/melt-multilingual-readers-theatre.eu\/\",\"name\":\"MELT\",\"description\":\"Mehrsprachiges Lesetheater\",\"potentialAction\":[{\"@type\":\"SearchAction\",\"target\":{\"@type\":\"EntryPoint\",\"urlTemplate\":\"https:\/\/melt-multilingual-readers-theatre.eu\/?s={search_term_string}\"},\"query-input\":\"required name=search_term_string\"}],\"inLanguage\":\"en-US\"}]}<\/script>\n<!-- \/ Yoast SEO plugin. -->","yoast_head_json":{"title":"team - MELT","robots":{"index":"index","follow":"follow","max-snippet":"max-snippet:-1","max-image-preview":"max-image-preview:large","max-video-preview":"max-video-preview:-1"},"canonical":"https:\/\/melt-multilingual-readers-theatre.eu\/team\/","og_locale":"en_US","og_type":"article","og_title":"team - MELT","og_url":"https:\/\/melt-multilingual-readers-theatre.eu\/team\/","og_site_name":"MELT","article_modified_time":"2019-12-27T11:48:36+00:00","og_image":[{"url":"https:\/\/melt-multilingual-readers-theatre.eu\/wp-content\/uploads\/2015\/08\/flaggeDE.png"}],"twitter_card":"summary_large_image","twitter_misc":{"Est. reading time":"1 minute"},"schema":{"@context":"https:\/\/schema.org","@graph":[{"@type":"WebPage","@id":"https:\/\/melt-multilingual-readers-theatre.eu\/team\/","url":"https:\/\/melt-multilingual-readers-theatre.eu\/team\/","name":"team - MELT","isPartOf":{"@id":"https:\/\/melt-multilingual-readers-theatre.eu\/#website"},"datePublished":"2015-08-02T09:21:53+00:00","dateModified":"2019-12-27T11:48:36+00:00","breadcrumb":{"@id":"https:\/\/melt-multilingual-readers-theatre.eu\/team\/#breadcrumb"},"inLanguage":"en-US","potentialAction":[{"@type":"ReadAction","target":["https:\/\/melt-multilingual-readers-theatre.eu\/team\/"]}]},{"@type":"BreadcrumbList","@id":"https:\/\/melt-multilingual-readers-theatre.eu\/team\/#breadcrumb","itemListElement":[{"@type":"ListItem","position":1,"name":"Home","item":"https:\/\/melt-multilingual-readers-theatre.eu\/"},{"@type":"ListItem","position":2,"name":"Team"}]},{"@type":"WebSite","@id":"https:\/\/melt-multilingual-readers-theatre.eu\/#website","url":"https:\/\/melt-multilingual-readers-theatre.eu\/","name":"MELT","description":"Mehrsprachiges Lesetheater","potentialAction":[{"@type":"SearchAction","target":{"@type":"EntryPoint","urlTemplate":"https:\/\/melt-multilingual-readers-theatre.eu\/?s={search_term_string}"},"query-input":"required name=search_term_string"}],"inLanguage":"en-US"}]}},"_links":{"self":[{"href":"https:\/\/melt-multilingual-readers-theatre.eu\/en\/wp-json\/wp\/v2\/pages\/665"}],"collection":[{"href":"https:\/\/melt-multilingual-readers-theatre.eu\/en\/wp-json\/wp\/v2\/pages"}],"about":[{"href":"https:\/\/melt-multilingual-readers-theatre.eu\/en\/wp-json\/wp\/v2\/types\/page"}],"author":[{"embeddable":true,"href":"https:\/\/melt-multilingual-readers-theatre.eu\/en\/wp-json\/wp\/v2\/users\/1"}],"replies":[{"embeddable":true,"href":"https:\/\/melt-multilingual-readers-theatre.eu\/en\/wp-json\/wp\/v2\/comments?post=665"}],"version-history":[{"count":21,"href":"https:\/\/melt-multilingual-readers-theatre.eu\/en\/wp-json\/wp\/v2\/pages\/665\/revisions"}],"predecessor-version":[{"id":2004,"href":"https:\/\/melt-multilingual-readers-theatre.eu\/en\/wp-json\/wp\/v2\/pages\/665\/revisions\/2004"}],"wp:attachment":[{"href":"https:\/\/melt-multilingual-readers-theatre.eu\/en\/wp-json\/wp\/v2\/media?parent=665"}],"curies":[{"name":"wp","href":"https:\/\/api.w.org\/{rel}","templated":true}]}}